{"id":71234,"date":"2026-03-16T12:52:35","date_gmt":"2026-03-16T12:52:35","guid":{"rendered":"https:\/\/www.deporteseli.com\/?product=pala-joma-tournament-pro"},"modified":"2026-03-31T04:18:29","modified_gmt":"2026-03-31T04:18:29","slug":"pala-joma-tournament-pro","status":"publish","type":"product","link":"https:\/\/www.deporteseli.com\/?product=pala-joma-tournament-pro","title":{"rendered":"PALA JOMA TOURNAMENT PRO"},"content":{"rendered":"<p>Descripci\u00f3n  Pala de p\u00e1del dise\u00f1ada para competici\u00f3n. Modelo ic\u00f3nico de la marca, dise\u00f1ado en forma redonda. Ofrece seguridad y control en todo momento, con un balance medio que aporta equilibrio entre defensa y ataque.    Marco elaborado con estructura de carbono 3k de alta resistencia rellena de BlackEVA de alta densidad, que aporta firmeza y potencia en cada golpeo. Su acabado JOMA 3D SPIN en relieve tridimensional aumenta la efectividad y el control en los golpes con efecto como top spin o slice.    Adem\u00e1s, incorpora hendiduras AEROBUMP TECH estrat\u00e9gicamente colocadas, dise\u00f1adas para optimizar el flujo aerodin\u00e1mico durante el golpe y proporcionar una mayor manejabilidad.  Caracter\u00edsticas  Peso: 350 &#8211; 360 gr  Forma redonda  Gama: alta &#8211; profesional  N\u00facleo: BLACK EVA  Cara: fibra de carbono 3k  Control: 50%  Potencia: 50%  Balance: medio  Tubular 100% Fibra de carbono \/ Plano 66,67% Fibra de vidrio, 33,33% Fibra de carbono 3K \/ Relleno 100% EVA                                                                                                                                                                                                                                                                                                                                                                                                                                                                                                                                                                                                                                                                                                                                                                                                                                                                                                                                                                                                                                        <\/p>\n","protected":false},"excerpt":{"rendered":"<p>PALA JOMA TOURNAMENT PRO<\/p>\n","protected":false},"featured_media":71236,"template":"","meta":[],"product_brand":[],"product_cat":[353],"product_tag":[31],"class_list":{"0":"post-71234","1":"product","2":"type-product","3":"status-publish","4":"has-post-thumbnail","6":"product_cat-padel_y_tenis_palas","7":"product_tag-joma","8":"pa_color-unico","9":"pa_talla-unica","10":"thunk-woo-product-list","11":"opn-qv-enable","12":"open-woo-hover-","13":"open-single-product-tab-horizontal","14":"open-shadow-","15":"open-shadow-hover-","17":"first","18":"instock","19":"sale","20":"shipping-taxable","21":"purchasable","22":"product-type-variable"},"jetpack_sharing_enabled":true,"_links":{"self":[{"href":"https:\/\/www.deporteseli.com\/index.php?rest_route=\/wp\/v2\/product\/71234","targetHints":{"allow":["GET"]}}],"collection":[{"href":"https:\/\/www.deporteseli.com\/index.php?rest_route=\/wp\/v2\/product"}],"about":[{"href":"https:\/\/www.deporteseli.com\/index.php?rest_route=\/wp\/v2\/types\/product"}],"wp:featuredmedia":[{"embeddable":true,"href":"https:\/\/www.deporteseli.com\/index.php?rest_route=\/wp\/v2\/media\/71236"}],"wp:attachment":[{"href":"https:\/\/www.deporteseli.com\/index.php?rest_route=%2Fwp%2Fv2%2Fmedia&parent=71234"}],"wp:term":[{"taxonomy":"product_brand","embeddable":true,"href":"https:\/\/www.deporteseli.com\/index.php?rest_route=%2Fwp%2Fv2%2Fproduct_brand&post=71234"},{"taxonomy":"product_cat","embeddable":true,"href":"https:\/\/www.deporteseli.com\/index.php?rest_route=%2Fwp%2Fv2%2Fproduct_cat&post=71234"},{"taxonomy":"product_tag","embeddable":true,"href":"https:\/\/www.deporteseli.com\/index.php?rest_route=%2Fwp%2Fv2%2Fproduct_tag&post=71234"}],"curies":[{"name":"wp","href":"https:\/\/api.w.org\/{rel}","templated":true}]}}