{"id":71220,"date":"2026-03-16T12:44:49","date_gmt":"2026-03-16T12:44:49","guid":{"rendered":"https:\/\/www.deporteseli.com\/?product=pala-joma-blast-pro-hrd-26"},"modified":"2026-03-31T04:18:28","modified_gmt":"2026-03-31T04:18:28","slug":"pala-joma-blast-pro-hrd-26","status":"publish","type":"product","link":"https:\/\/www.deporteseli.com\/?product=pala-joma-blast-pro-hrd-26","title":{"rendered":"PALA JOMA BLAST PRO HRD\/26"},"content":{"rendered":"<p>Joma pala Blast Pro Hrd  Pala de p\u00e1del dise\u00f1ada para competici\u00f3n. Modelo con forma h\u00edbrida y balance medio-alto para conseguir control y potencia equilibrados. Destaca por su gran punto dulce y su excelente manejabilidad, ideal para jugadores que disfrutan construir el punto y decidir el momento adecuado para definirlo.    Marco elaborado con la tecnolog\u00eda DUALTECH FRAME. Su estructura de carbono 12k de alta resistencia rellena de BlackEVA HRD de alta densidad absorbe las vibraciones, refuerza la rigidez del marco y aporta una sensaci\u00f3n de golpeo m\u00e1s estable y preciso.    Por otro lado, su acabado JOMA 3D SPIN en relieve tridimensional aumenta la efectividad y el control en los golpes con efecto como top spin o slice. Mientras que el sistema de perforado inteligente ATTACK TOUCH redistribuye el peso y la flexi\u00f3n de la cara, generando un control refinado sin perder sensibilidad ni fluidez en el golpe.    Tambi\u00e9n incorpora hendiduras AEROBUMP TECH estrat\u00e9gicamente colocadas, dise\u00f1adas para optimizar el flujo aerodin\u00e1mico durante el golpe y proporcionar una mayor manejabilidad.  Peso: 360 &#8211; 370 gr  Forma: h\u00edbrida  Gama: alta &#8211; profesional  N\u00facleo: BLACK EVA  Cara: fibra de carbono 12k  Control: 40%  Potencia: 60%  Balance: alto  Tubular 100% Fibra de carbono \/ Plano 66,67% Fibra de vidrio, 33,33% Fibra de carbono 12K \/ Relleno 100% EVA                                                                                                                                                                                                                                                                                                                                                                                                                                                                                                                                                                                                                                                                                                                                                                                                                                                                                                                                                                                                                                        <\/p>\n","protected":false},"excerpt":{"rendered":"<p>PALA JOMA BLAST PRO HRD\/26<\/p>\n","protected":false},"featured_media":71222,"template":"","meta":[],"product_brand":[],"product_cat":[353],"product_tag":[31],"class_list":{"0":"post-71220","1":"product","2":"type-product","3":"status-publish","4":"has-post-thumbnail","6":"product_cat-padel_y_tenis_palas","7":"product_tag-joma","8":"pa_color-unico","9":"pa_talla-unica","10":"thunk-woo-product-list","11":"opn-qv-enable","12":"open-woo-hover-","13":"open-single-product-tab-horizontal","14":"open-shadow-","15":"open-shadow-hover-","17":"first","18":"instock","19":"sale","20":"shipping-taxable","21":"purchasable","22":"product-type-variable"},"jetpack_sharing_enabled":true,"_links":{"self":[{"href":"https:\/\/www.deporteseli.com\/index.php?rest_route=\/wp\/v2\/product\/71220","targetHints":{"allow":["GET"]}}],"collection":[{"href":"https:\/\/www.deporteseli.com\/index.php?rest_route=\/wp\/v2\/product"}],"about":[{"href":"https:\/\/www.deporteseli.com\/index.php?rest_route=\/wp\/v2\/types\/product"}],"wp:featuredmedia":[{"embeddable":true,"href":"https:\/\/www.deporteseli.com\/index.php?rest_route=\/wp\/v2\/media\/71222"}],"wp:attachment":[{"href":"https:\/\/www.deporteseli.com\/index.php?rest_route=%2Fwp%2Fv2%2Fmedia&parent=71220"}],"wp:term":[{"taxonomy":"product_brand","embeddable":true,"href":"https:\/\/www.deporteseli.com\/index.php?rest_route=%2Fwp%2Fv2%2Fproduct_brand&post=71220"},{"taxonomy":"product_cat","embeddable":true,"href":"https:\/\/www.deporteseli.com\/index.php?rest_route=%2Fwp%2Fv2%2Fproduct_cat&post=71220"},{"taxonomy":"product_tag","embeddable":true,"href":"https:\/\/www.deporteseli.com\/index.php?rest_route=%2Fwp%2Fv2%2Fproduct_tag&post=71220"}],"curies":[{"name":"wp","href":"https:\/\/api.w.org\/{rel}","templated":true}]}}