{"id":71147,"date":"2026-03-16T11:32:13","date_gmt":"2026-03-16T11:32:13","guid":{"rendered":"https:\/\/www.deporteseli.com\/?product=malla-adidas-jj5036"},"modified":"2026-03-16T11:32:21","modified_gmt":"2026-03-16T11:32:21","slug":"malla-adidas-jj5036","status":"publish","type":"product","link":"https:\/\/www.deporteseli.com\/?product=malla-adidas-jj5036","title":{"rendered":"MALLA ADIDAS JJ5036"},"content":{"rendered":"<p>Empieza fuerte y mant\u00e9n la motivaci\u00f3n durante todo el d\u00eda con estas mallas adidas para j\u00f3venes deportistas. Su tejido el\u00e1stico y su corte ajustado acompa\u00f1an todos tus movimientos, mientras que las 3 bandas en contraste a\u00f1aden un toque deportivo a cualquier look. La tecnolog\u00eda CLIMACOOL aleja el sudor de la piel, manteni\u00e9ndola fresca y seca para minimizar las distracciones y optimizar tu rendimiento. P\u00f3ntelas, \u00e1tate tus zapatillas favoritas y afronta tu lista de tareas pendientes con confianza y comodidad.  CLIMACOOL te ayuda a gestionar el sudor con materiales que expulsan la humedad r\u00e1pidamente. Sus fibras de secado r\u00e1pido te proporcionan una agradable sensaci\u00f3n de frescura.  Este producto contiene al menos un 70% de materiales reciclados. Utilizando materiales reciclados, reducimos los residuos, nuestra dependencia de los recursos finitos y la huella que generan los productos que fabricamos.  HECHO EN PARTE CON MATERIALES RECICLADOS: Hecho en parte con materiales reciclados  Absorbe el sudor y se seca r\u00e1pidamente_B\u00c1SICO: La tela que absorbe y se seca r\u00e1pidamente controla el sudor, manteni\u00e9ndote seco y c\u00f3modo  TRANSPIRABLE_B\u00c1SICO: Los materiales transpirables transportan el vapor del sudor, lo que te permite sentirte c\u00f3modo.  CLIMACOOL: SIENTE FRESCURA: Fibras de secado r\u00e1pido para una sensaci\u00f3n de piel fresca.  CLIMACOOL: CONTROLA EL SUDOR: Los materiales absorben y controlan el sudor r\u00e1pidamente.                                                                                                                                                                                                                                                                                                                                                                                                                                                                                                                                                                                                                                                                                                                                                                                                                                                                                                                                                                                                                                        <\/p>\n","protected":false},"excerpt":{"rendered":"<p>MALLA ADIDAS JJ5036<\/p>\n","protected":false},"featured_media":71152,"template":"","meta":[],"product_brand":[],"product_cat":[386],"product_tag":[18],"class_list":{"0":"post-71147","1":"product","2":"type-product","3":"status-publish","4":"has-post-thumbnail","6":"product_cat-ninas_textil_mallas","7":"product_tag-adidas","8":"pa_color-unico","9":"pa_talla-t-10","10":"pa_talla-t-12","11":"pa_talla-t-14","12":"pa_talla-t-16","13":"thunk-woo-product-list","14":"opn-qv-enable","15":"open-woo-hover-","16":"open-single-product-tab-horizontal","17":"open-shadow-","18":"open-shadow-hover-","20":"first","21":"instock","22":"shipping-taxable","23":"purchasable","24":"product-type-variable"},"jetpack_sharing_enabled":true,"_links":{"self":[{"href":"https:\/\/www.deporteseli.com\/index.php?rest_route=\/wp\/v2\/product\/71147","targetHints":{"allow":["GET"]}}],"collection":[{"href":"https:\/\/www.deporteseli.com\/index.php?rest_route=\/wp\/v2\/product"}],"about":[{"href":"https:\/\/www.deporteseli.com\/index.php?rest_route=\/wp\/v2\/types\/product"}],"wp:featuredmedia":[{"embeddable":true,"href":"https:\/\/www.deporteseli.com\/index.php?rest_route=\/wp\/v2\/media\/71152"}],"wp:attachment":[{"href":"https:\/\/www.deporteseli.com\/index.php?rest_route=%2Fwp%2Fv2%2Fmedia&parent=71147"}],"wp:term":[{"taxonomy":"product_brand","embeddable":true,"href":"https:\/\/www.deporteseli.com\/index.php?rest_route=%2Fwp%2Fv2%2Fproduct_brand&post=71147"},{"taxonomy":"product_cat","embeddable":true,"href":"https:\/\/www.deporteseli.com\/index.php?rest_route=%2Fwp%2Fv2%2Fproduct_cat&post=71147"},{"taxonomy":"product_tag","embeddable":true,"href":"https:\/\/www.deporteseli.com\/index.php?rest_route=%2Fwp%2Fv2%2Fproduct_tag&post=71147"}],"curies":[{"name":"wp","href":"https:\/\/api.w.org\/{rel}","templated":true}]}}