{"id":71138,"date":"2026-03-16T11:31:40","date_gmt":"2026-03-16T11:31:40","guid":{"rendered":"https:\/\/www.deporteseli.com\/?product=camisa-adidas-ke6845"},"modified":"2026-03-16T11:31:48","modified_gmt":"2026-03-16T11:31:48","slug":"camisa-adidas-ke6845","status":"publish","type":"product","link":"https:\/\/www.deporteseli.com\/?product=camisa-adidas-ke6845","title":{"rendered":"CAMISA ADIDAS KE6845"},"content":{"rendered":"<p>Parte de una colecci\u00f3n creada para atletas que se dedican a su deporte y a su comunidad, la camiseta adi365 Climacool fue creada para infundir prop\u00f3sito y pasi\u00f3n kil\u00f3metro tras kil\u00f3metro.  Fresca. Expulsa la humedad. Es perfecta. Climacool evacua y dispersa el sudor para mantener tu piel fresca y seca y rendir sin distracciones. Combinado con la elegante silueta sin mangas de este top, ayuda a enfocar con l\u00e1ser incluso a largas distancias.  Sobresaliendo del dise\u00f1o minimalista, un logotipo de 3 barras se sit\u00faa en el pecho y 3 bandas flotantes en los laterales. Est\u00e1n dise\u00f1ados con un acabado reflectante para que brille tu orgullo adidas.  Absorbe el sudor y se seca r\u00e1pidamente_B\u00c1SICO: La tela que absorbe y se seca r\u00e1pidamente controla el sudor, manteni\u00e9ndote seco y c\u00f3modo  Secado r\u00e1pido: Material de secado r\u00e1pido para que te sientas seco y c\u00f3modo.                                                                                                                                                                                                                                                                                                                                                                                                                                                                                                                                                                                                                                                                                                                                                                                                                                                                                                                                                                                                                                        <\/p>\n","protected":false},"excerpt":{"rendered":"<p>CAMISA ADIDAS KE6845<\/p>\n","protected":false},"featured_media":71143,"template":"","meta":[],"product_brand":[],"product_cat":[269],"product_tag":[18],"class_list":{"0":"post-71138","1":"product","2":"type-product","3":"status-publish","4":"has-post-thumbnail","6":"product_cat-mujer_textil_camisetas","7":"product_tag-adidas","8":"pa_color-unico","9":"pa_talla-l","10":"pa_talla-m","11":"pa_talla-s","12":"pa_talla-xs","13":"thunk-woo-product-list","14":"opn-qv-enable","15":"open-woo-hover-","16":"open-single-product-tab-horizontal","17":"open-shadow-","18":"open-shadow-hover-","20":"first","21":"instock","22":"shipping-taxable","23":"purchasable","24":"product-type-variable"},"jetpack_sharing_enabled":true,"_links":{"self":[{"href":"https:\/\/www.deporteseli.com\/index.php?rest_route=\/wp\/v2\/product\/71138","targetHints":{"allow":["GET"]}}],"collection":[{"href":"https:\/\/www.deporteseli.com\/index.php?rest_route=\/wp\/v2\/product"}],"about":[{"href":"https:\/\/www.deporteseli.com\/index.php?rest_route=\/wp\/v2\/types\/product"}],"wp:featuredmedia":[{"embeddable":true,"href":"https:\/\/www.deporteseli.com\/index.php?rest_route=\/wp\/v2\/media\/71143"}],"wp:attachment":[{"href":"https:\/\/www.deporteseli.com\/index.php?rest_route=%2Fwp%2Fv2%2Fmedia&parent=71138"}],"wp:term":[{"taxonomy":"product_brand","embeddable":true,"href":"https:\/\/www.deporteseli.com\/index.php?rest_route=%2Fwp%2Fv2%2Fproduct_brand&post=71138"},{"taxonomy":"product_cat","embeddable":true,"href":"https:\/\/www.deporteseli.com\/index.php?rest_route=%2Fwp%2Fv2%2Fproduct_cat&post=71138"},{"taxonomy":"product_tag","embeddable":true,"href":"https:\/\/www.deporteseli.com\/index.php?rest_route=%2Fwp%2Fv2%2Fproduct_tag&post=71138"}],"curies":[{"name":"wp","href":"https:\/\/api.w.org\/{rel}","templated":true}]}}