{"id":70867,"date":"2026-03-11T12:13:14","date_gmt":"2026-03-11T12:13:14","guid":{"rendered":"https:\/\/www.deporteseli.com\/?product=short-adidas-ks5523"},"modified":"2026-03-11T12:13:22","modified_gmt":"2026-03-11T12:13:22","slug":"short-adidas-ks5523","status":"publish","type":"product","link":"https:\/\/www.deporteseli.com\/?product=short-adidas-ks5523","title":{"rendered":"SHORT ADIDAS KS5523"},"content":{"rendered":"<p>El pantal\u00f3n corto con tipograf\u00eda de inspiraci\u00f3n universitaria Seasonals ofrece a los ni\u00f1os una s\u00f3lida mezcla de comodidad y estilo en un dise\u00f1o relajado y vers\u00e1til, ideal para llevar a diario.  Confeccionado en suave felpa, la cintura totalmente el\u00e1stica y los cordones interiores ajustables proporcionan un ajuste seguro y c\u00f3modo. Los bolsillos en las costuras laterales ofrecen un pr\u00e1ctico almacenamiento, ideal para ni\u00f1os activos que siempre est\u00e1n en movimiento.  Un estampado tipogr\u00e1fico de inspiraci\u00f3n universitaria y el distintivo logotipo de las 3 barras a\u00f1aden un toque deportivo, dando al pantal\u00f3n corto un aire juvenil y contempor\u00e1neo que celebra el estilo retro de adidas.                                                                                                                                                                                                                                                                                                                                                                                                                                                                                                                                                                                                                                                                                                                                                                                                                                                                                                                                                                                                                                        <\/p>\n","protected":false},"excerpt":{"rendered":"<p>SHORT ADIDAS KS5523<\/p>\n","protected":false},"featured_media":70873,"template":"","meta":[],"product_brand":[],"product_cat":[299],"product_tag":[18],"class_list":{"0":"post-70867","1":"product","2":"type-product","3":"status-publish","4":"has-post-thumbnail","6":"product_cat-nino_textil_bermudas","7":"product_tag-adidas","8":"pa_color-unico","9":"pa_talla-t-10","10":"pa_talla-t-12","11":"pa_talla-t-14","12":"pa_talla-t-16","13":"pa_talla-t-8","14":"thunk-woo-product-list","15":"opn-qv-enable","16":"open-woo-hover-","17":"open-single-product-tab-horizontal","18":"open-shadow-","19":"open-shadow-hover-","21":"first","22":"instock","23":"shipping-taxable","24":"purchasable","25":"product-type-variable"},"jetpack_sharing_enabled":true,"_links":{"self":[{"href":"https:\/\/www.deporteseli.com\/index.php?rest_route=\/wp\/v2\/product\/70867","targetHints":{"allow":["GET"]}}],"collection":[{"href":"https:\/\/www.deporteseli.com\/index.php?rest_route=\/wp\/v2\/product"}],"about":[{"href":"https:\/\/www.deporteseli.com\/index.php?rest_route=\/wp\/v2\/types\/product"}],"wp:featuredmedia":[{"embeddable":true,"href":"https:\/\/www.deporteseli.com\/index.php?rest_route=\/wp\/v2\/media\/70873"}],"wp:attachment":[{"href":"https:\/\/www.deporteseli.com\/index.php?rest_route=%2Fwp%2Fv2%2Fmedia&parent=70867"}],"wp:term":[{"taxonomy":"product_brand","embeddable":true,"href":"https:\/\/www.deporteseli.com\/index.php?rest_route=%2Fwp%2Fv2%2Fproduct_brand&post=70867"},{"taxonomy":"product_cat","embeddable":true,"href":"https:\/\/www.deporteseli.com\/index.php?rest_route=%2Fwp%2Fv2%2Fproduct_cat&post=70867"},{"taxonomy":"product_tag","embeddable":true,"href":"https:\/\/www.deporteseli.com\/index.php?rest_route=%2Fwp%2Fv2%2Fproduct_tag&post=70867"}],"curies":[{"name":"wp","href":"https:\/\/api.w.org\/{rel}","templated":true}]}}