{"id":70832,"date":"2026-03-11T12:11:27","date_gmt":"2026-03-11T12:11:27","guid":{"rendered":"https:\/\/www.deporteseli.com\/?product=camisa-adidas-kb6809"},"modified":"2026-03-11T12:11:36","modified_gmt":"2026-03-11T12:11:36","slug":"camisa-adidas-kb6809","status":"publish","type":"product","link":"https:\/\/www.deporteseli.com\/?product=camisa-adidas-kb6809","title":{"rendered":"CAMISA ADIDAS KB6809"},"content":{"rendered":"<p>La camiseta con logotipo grande Train Essentials est\u00e1 dise\u00f1ada para j\u00f3venes atletas que buscan enfrentarse a nuevos desaf\u00edos. El look en incre\u00edbles colores oscuros y los detalles llamativos logran que esta camiseta marque estilo y destaque en cualquier terreno de juego o espacio polideportivo.  La confecci\u00f3n en interlock resistente y el corte cl\u00e1sico te permiten moverte con libertad, por lo que es perfecta para todo tipo de deportes. La espalda de malla aporta una capa adicional de ventilaci\u00f3n, para que tu joven atleta disfrute de confianza y frescura.  La tecnolog\u00eda transpirable Climacool integrada evacua el sudor y lo dispersa para ofrecer frescor, sequedad y un rendimiento sin distracciones. Los materiales absorbentes y de secado r\u00e1pido garantizan la comodidad, para que pueda concentrarse en el entrenamiento.  Esta camiseta forma parte de la colecci\u00f3n adidas Train Essentials, que se centra en la versatilidad y el rendimiento. No importa si tu joven atleta va a una sesi\u00f3n de entrenamiento o a una ocasi\u00f3n informal, esta camiseta no puede faltar en su fondo de armario.                                                                                                                                                                                                                                                                                                                                                                                                                                                                                                                                                                                                                                                                                                                                                                                                                                                                                                                                                                                                                                        <\/p>\n","protected":false},"excerpt":{"rendered":"<p>CAMISA ADIDAS KB6809<\/p>\n","protected":false},"featured_media":70838,"template":"","meta":[],"product_brand":[],"product_cat":[296],"product_tag":[18],"class_list":{"0":"post-70832","1":"product","2":"type-product","3":"status-publish","4":"has-post-thumbnail","6":"product_cat-nino_textil_camisetas","7":"product_tag-adidas","8":"pa_color-unico","9":"pa_talla-t-10","10":"pa_talla-t-12","11":"pa_talla-t-14","12":"pa_talla-t-16","13":"pa_talla-t-8","14":"thunk-woo-product-list","15":"opn-qv-enable","16":"open-woo-hover-","17":"open-single-product-tab-horizontal","18":"open-shadow-","19":"open-shadow-hover-","21":"first","22":"instock","23":"shipping-taxable","24":"purchasable","25":"product-type-variable"},"jetpack_sharing_enabled":true,"_links":{"self":[{"href":"https:\/\/www.deporteseli.com\/index.php?rest_route=\/wp\/v2\/product\/70832","targetHints":{"allow":["GET"]}}],"collection":[{"href":"https:\/\/www.deporteseli.com\/index.php?rest_route=\/wp\/v2\/product"}],"about":[{"href":"https:\/\/www.deporteseli.com\/index.php?rest_route=\/wp\/v2\/types\/product"}],"wp:featuredmedia":[{"embeddable":true,"href":"https:\/\/www.deporteseli.com\/index.php?rest_route=\/wp\/v2\/media\/70838"}],"wp:attachment":[{"href":"https:\/\/www.deporteseli.com\/index.php?rest_route=%2Fwp%2Fv2%2Fmedia&parent=70832"}],"wp:term":[{"taxonomy":"product_brand","embeddable":true,"href":"https:\/\/www.deporteseli.com\/index.php?rest_route=%2Fwp%2Fv2%2Fproduct_brand&post=70832"},{"taxonomy":"product_cat","embeddable":true,"href":"https:\/\/www.deporteseli.com\/index.php?rest_route=%2Fwp%2Fv2%2Fproduct_cat&post=70832"},{"taxonomy":"product_tag","embeddable":true,"href":"https:\/\/www.deporteseli.com\/index.php?rest_route=%2Fwp%2Fv2%2Fproduct_tag&post=70832"}],"curies":[{"name":"wp","href":"https:\/\/api.w.org\/{rel}","templated":true}]}}