{"id":70778,"date":"2026-03-11T12:04:57","date_gmt":"2026-03-11T12:04:57","guid":{"rendered":"https:\/\/www.deporteseli.com\/?product=zapatillero-adidas-kd4247"},"modified":"2026-03-11T12:05:00","modified_gmt":"2026-03-11T12:05:00","slug":"zapatillero-adidas-kd4247","status":"publish","type":"product","link":"https:\/\/www.deporteseli.com\/?product=zapatillero-adidas-kd4247","title":{"rendered":"ZAPATILLERO ADIDAS KD4247"},"content":{"rendered":"<p>Presentamos la bolsa para calzado Tiro, dise\u00f1ada para mantener tu equipo organizado y listo para la acci\u00f3n. Tanto si te diriges al entrenamiento como si te preparas para un partido, esta bolsa para zapatillas te ayudar\u00e1 a tener tus botas siempre a mano.  Fabricada con cierre de cremallera y luciendo las 3 bandas de adidas y el logotipo de las 3 barras, esta bolsa ofrece un acceso r\u00e1pido a tu equipaci\u00f3n, para que puedas cogerla y llev\u00e1rtela f\u00e1cilmente. Ideal tanto para equipos como para jugadores individuales, esta bolsa para zapatillas es un testimonio del compromiso de adidas con la calidad y el rendimiento.  \u00danete a las filas de los futbolistas que conf\u00edan en adidas para sus necesidades deportivas. Adopta el esp\u00edritu del juego y lleva tu equipaci\u00f3n con confianza.                                                                                                                                                                                                                                                                                                                                                                                                                                                                                                                                                                                                                                                                                                                                                                                                                                                                                                                                                                                                                                        <\/p>\n","protected":false},"excerpt":{"rendered":"<p>ZAPATILLERO ADIDAS KD4247<\/p>\n","protected":false},"featured_media":70780,"template":"","meta":[],"product_brand":[],"product_cat":[321],"product_tag":[18],"class_list":{"0":"post-70778","1":"product","2":"type-product","3":"status-publish","4":"has-post-thumbnail","6":"product_cat-deportes_futbol_zapatilleros","7":"product_tag-adidas","8":"pa_color-unico","9":"pa_talla-unica","10":"thunk-woo-product-list","11":"opn-qv-enable","12":"open-woo-hover-","13":"open-single-product-tab-horizontal","14":"open-shadow-","15":"open-shadow-hover-","17":"first","18":"instock","19":"shipping-taxable","20":"purchasable","21":"product-type-variable"},"jetpack_sharing_enabled":true,"_links":{"self":[{"href":"https:\/\/www.deporteseli.com\/index.php?rest_route=\/wp\/v2\/product\/70778","targetHints":{"allow":["GET"]}}],"collection":[{"href":"https:\/\/www.deporteseli.com\/index.php?rest_route=\/wp\/v2\/product"}],"about":[{"href":"https:\/\/www.deporteseli.com\/index.php?rest_route=\/wp\/v2\/types\/product"}],"wp:featuredmedia":[{"embeddable":true,"href":"https:\/\/www.deporteseli.com\/index.php?rest_route=\/wp\/v2\/media\/70780"}],"wp:attachment":[{"href":"https:\/\/www.deporteseli.com\/index.php?rest_route=%2Fwp%2Fv2%2Fmedia&parent=70778"}],"wp:term":[{"taxonomy":"product_brand","embeddable":true,"href":"https:\/\/www.deporteseli.com\/index.php?rest_route=%2Fwp%2Fv2%2Fproduct_brand&post=70778"},{"taxonomy":"product_cat","embeddable":true,"href":"https:\/\/www.deporteseli.com\/index.php?rest_route=%2Fwp%2Fv2%2Fproduct_cat&post=70778"},{"taxonomy":"product_tag","embeddable":true,"href":"https:\/\/www.deporteseli.com\/index.php?rest_route=%2Fwp%2Fv2%2Fproduct_tag&post=70778"}],"curies":[{"name":"wp","href":"https:\/\/api.w.org\/{rel}","templated":true}]}}