{"id":70740,"date":"2026-03-11T12:02:50","date_gmt":"2026-03-11T12:02:50","guid":{"rendered":"https:\/\/www.deporteseli.com\/?product=tenis-adidas-ih6171"},"modified":"2026-04-25T04:19:21","modified_gmt":"2026-04-25T04:19:21","slug":"tenis-adidas-ih6171","status":"publish","type":"product","link":"https:\/\/www.deporteseli.com\/?product=tenis-adidas-ih6171","title":{"rendered":"TENIS ADIDAS IH6171"},"content":{"rendered":"<p>Divertida y actual, esta zapatilla adidas te ofrece un look atrevido pero sin estridencias. La mediasuela gruesa te regala unos cent\u00edmetros de estatura, mientras que el empeine de piel sint\u00e9tica y la suela de goma te ofrecen una pisada m\u00e1s c\u00f3moda de la ma\u00f1ana a la noche. Comb\u00ednala con tus vaqueros favoritos o con un vestido informal y deja claro cu\u00e1l es tu estilo.                                                                                                                                                                                                                                                                                                                                                                                                                                                                                                                                                                                                                                                                                                                                                                                                                                                                                                                                                                                                                                        <\/p>\n","protected":false},"excerpt":{"rendered":"<p>TENIS ADIDAS IH6171<\/p>\n","protected":false},"featured_media":70748,"template":"","meta":[],"product_brand":[],"product_cat":[287],"product_tag":[18],"class_list":{"0":"post-70740","1":"product","2":"type-product","3":"status-publish","4":"has-post-thumbnail","6":"product_cat-mujer_calzado_casual","7":"product_tag-adidas","8":"pa_color-unico","9":"pa_talla-141","10":"pa_talla-36-5","11":"pa_talla-37-5","12":"pa_talla-145","13":"pa_talla-38-5","14":"pa_talla-39-5","15":"pa_talla-149","16":"thunk-woo-product-list","17":"opn-qv-enable","18":"open-woo-hover-","19":"open-single-product-tab-horizontal","20":"open-shadow-","21":"open-shadow-hover-","23":"first","24":"instock","25":"shipping-taxable","26":"purchasable","27":"product-type-variable"},"jetpack_sharing_enabled":true,"_links":{"self":[{"href":"https:\/\/www.deporteseli.com\/index.php?rest_route=\/wp\/v2\/product\/70740","targetHints":{"allow":["GET"]}}],"collection":[{"href":"https:\/\/www.deporteseli.com\/index.php?rest_route=\/wp\/v2\/product"}],"about":[{"href":"https:\/\/www.deporteseli.com\/index.php?rest_route=\/wp\/v2\/types\/product"}],"wp:featuredmedia":[{"embeddable":true,"href":"https:\/\/www.deporteseli.com\/index.php?rest_route=\/wp\/v2\/media\/70748"}],"wp:attachment":[{"href":"https:\/\/www.deporteseli.com\/index.php?rest_route=%2Fwp%2Fv2%2Fmedia&parent=70740"}],"wp:term":[{"taxonomy":"product_brand","embeddable":true,"href":"https:\/\/www.deporteseli.com\/index.php?rest_route=%2Fwp%2Fv2%2Fproduct_brand&post=70740"},{"taxonomy":"product_cat","embeddable":true,"href":"https:\/\/www.deporteseli.com\/index.php?rest_route=%2Fwp%2Fv2%2Fproduct_cat&post=70740"},{"taxonomy":"product_tag","embeddable":true,"href":"https:\/\/www.deporteseli.com\/index.php?rest_route=%2Fwp%2Fv2%2Fproduct_tag&post=70740"}],"curies":[{"name":"wp","href":"https:\/\/api.w.org\/{rel}","templated":true}]}}