{"id":70725,"date":"2026-03-11T11:59:05","date_gmt":"2026-03-11T11:59:05","guid":{"rendered":"https:\/\/www.deporteseli.com\/?product=mochila-adidas-jz3321"},"modified":"2026-03-11T11:59:08","modified_gmt":"2026-03-11T11:59:08","slug":"mochila-adidas-jz3321","status":"publish","type":"product","link":"https:\/\/www.deporteseli.com\/?product=mochila-adidas-jz3321","title":{"rendered":"MOCHILA ADIDAS JZ3321"},"content":{"rendered":"<p>Una mochila cl\u00e1sica con un monedero con cremallera aparte.  Esta mochila adidas te permite llevar contigo lo esencial para los entrenamientos cuando vas de ac\u00e1 para all\u00e1. Est\u00e1 confeccionada con poli\u00e9ster resistente y presenta un amplio compartimento principal y un bolsillo delantero con cremallera para que organices tus cosas. Las correas acolchadas para el hombro te proporcionan comodidad, y el ic\u00f3nico dise\u00f1o de las 3 bandas comunica al mundo que te tomas los entrenamientos en serio.                                                                                                                                                                                                                                                                                                                                                                                                                                                                                                                                                                                                                                                                                                                                                                                                                                                                                                                                                                                                                                        <\/p>\n","protected":false},"excerpt":{"rendered":"<p>MOCHILA ADIDAS JZ3321<\/p>\n","protected":false},"featured_media":71634,"template":"","meta":[],"product_brand":[],"product_cat":[401],"product_tag":[18],"class_list":{"0":"post-70725","1":"product","2":"type-product","3":"status-publish","4":"has-post-thumbnail","6":"product_cat-accesorios_mochilas","7":"product_tag-adidas","8":"pa_color-unico","9":"pa_talla-unica","10":"thunk-woo-product-list","11":"opn-qv-enable","12":"open-woo-hover-","13":"open-single-product-tab-horizontal","14":"open-shadow-","15":"open-shadow-hover-","17":"first","18":"instock","19":"shipping-taxable","20":"purchasable","21":"product-type-variable"},"jetpack_sharing_enabled":true,"_links":{"self":[{"href":"https:\/\/www.deporteseli.com\/index.php?rest_route=\/wp\/v2\/product\/70725","targetHints":{"allow":["GET"]}}],"collection":[{"href":"https:\/\/www.deporteseli.com\/index.php?rest_route=\/wp\/v2\/product"}],"about":[{"href":"https:\/\/www.deporteseli.com\/index.php?rest_route=\/wp\/v2\/types\/product"}],"wp:featuredmedia":[{"embeddable":true,"href":"https:\/\/www.deporteseli.com\/index.php?rest_route=\/wp\/v2\/media\/71634"}],"wp:attachment":[{"href":"https:\/\/www.deporteseli.com\/index.php?rest_route=%2Fwp%2Fv2%2Fmedia&parent=70725"}],"wp:term":[{"taxonomy":"product_brand","embeddable":true,"href":"https:\/\/www.deporteseli.com\/index.php?rest_route=%2Fwp%2Fv2%2Fproduct_brand&post=70725"},{"taxonomy":"product_cat","embeddable":true,"href":"https:\/\/www.deporteseli.com\/index.php?rest_route=%2Fwp%2Fv2%2Fproduct_cat&post=70725"},{"taxonomy":"product_tag","embeddable":true,"href":"https:\/\/www.deporteseli.com\/index.php?rest_route=%2Fwp%2Fv2%2Fproduct_tag&post=70725"}],"curies":[{"name":"wp","href":"https:\/\/api.w.org\/{rel}","templated":true}]}}