{"id":70513,"date":"2026-03-09T19:50:08","date_gmt":"2026-03-09T19:50:08","guid":{"rendered":"https:\/\/www.deporteseli.com\/?product=set-jhayber-ds23050-200"},"modified":"2026-03-09T19:50:15","modified_gmt":"2026-03-09T19:50:15","slug":"set-jhayber-ds23050-200","status":"publish","type":"product","link":"https:\/\/www.deporteseli.com\/?product=set-jhayber-ds23050-200","title":{"rendered":"SET JHAYBER DS23050-200"},"content":{"rendered":"<p>El conjunto Sunset en color negro presenta un dise\u00f1o deportivo con un toque vibrante gracias a los laterales de la camiseta y la falda, inspirados en los colores del amanecer. Su est\u00e9tica estilizada y din\u00e1mica est\u00e1 pensada para ofrecer libertad de movimiento con estilo. La camiseta incorpora espalda transpirable, mientras que la falda cuenta con cintura el\u00e1stica, bolsillos laterales y pantal\u00f3n interior. Composici\u00f3n: Camiseta 100% Poli\u00e9ster \u00b7 Falda 75% Poli\u00e9ster, 25% Elast\u00e1n.                                                                                                                                                                                                                                                                                                                                                                                                                                                                                                                                                                                                                                                                                                                                                                                                                                                                                                                                                                                                                                        <\/p>\n","protected":false},"excerpt":{"rendered":"<p>SET JHAYBER DS23050-200<\/p>\n","protected":false},"featured_media":70519,"template":"","meta":[],"product_brand":[],"product_cat":[367],"product_tag":[],"class_list":{"0":"post-70513","1":"product","2":"type-product","3":"status-publish","4":"has-post-thumbnail","6":"product_cat-padel_y_tenis_textil_conjuntos","7":"pa_color-unico","8":"pa_talla-l","9":"pa_talla-m","10":"pa_talla-s","11":"pa_talla-xl","12":"pa_talla-xs","13":"thunk-woo-product-list","14":"opn-qv-enable","15":"open-woo-hover-","16":"open-single-product-tab-horizontal","17":"open-shadow-","18":"open-shadow-hover-","20":"first","21":"instock","22":"shipping-taxable","23":"purchasable","24":"product-type-variable"},"jetpack_sharing_enabled":true,"_links":{"self":[{"href":"https:\/\/www.deporteseli.com\/index.php?rest_route=\/wp\/v2\/product\/70513","targetHints":{"allow":["GET"]}}],"collection":[{"href":"https:\/\/www.deporteseli.com\/index.php?rest_route=\/wp\/v2\/product"}],"about":[{"href":"https:\/\/www.deporteseli.com\/index.php?rest_route=\/wp\/v2\/types\/product"}],"wp:featuredmedia":[{"embeddable":true,"href":"https:\/\/www.deporteseli.com\/index.php?rest_route=\/wp\/v2\/media\/70519"}],"wp:attachment":[{"href":"https:\/\/www.deporteseli.com\/index.php?rest_route=%2Fwp%2Fv2%2Fmedia&parent=70513"}],"wp:term":[{"taxonomy":"product_brand","embeddable":true,"href":"https:\/\/www.deporteseli.com\/index.php?rest_route=%2Fwp%2Fv2%2Fproduct_brand&post=70513"},{"taxonomy":"product_cat","embeddable":true,"href":"https:\/\/www.deporteseli.com\/index.php?rest_route=%2Fwp%2Fv2%2Fproduct_cat&post=70513"},{"taxonomy":"product_tag","embeddable":true,"href":"https:\/\/www.deporteseli.com\/index.php?rest_route=%2Fwp%2Fv2%2Fproduct_tag&post=70513"}],"curies":[{"name":"wp","href":"https:\/\/api.w.org\/{rel}","templated":true}]}}