{"id":70503,"date":"2026-03-09T19:49:27","date_gmt":"2026-03-09T19:49:27","guid":{"rendered":"https:\/\/www.deporteseli.com\/?product=set-jhayber-dn23130-600"},"modified":"2026-03-09T19:49:41","modified_gmt":"2026-03-09T19:49:41","slug":"set-jhayber-dn23130-600","status":"publish","type":"product","link":"https:\/\/www.deporteseli.com\/?product=set-jhayber-dn23130-600","title":{"rendered":"SET JHAYBER DN23130-600"},"content":{"rendered":"<p>El conjunto Court en color verde destaca por su camiseta con dise\u00f1o gr\u00e1fico en negro sobre base verde, creando un estilo t\u00e9cnico y moderno. La camiseta est\u00e1 confeccionada con tejido mesh, altamente transpirable para mantener la frescura durante la actividad. Ideal para practicar cualquier deporte o para el d\u00eda a d\u00eda, gracias a su espalda transpirable, y al pantal\u00f3n negro con bolsillos, cintura el\u00e1stica y cord\u00f3n ajustable para un ajuste c\u00f3modo. Composici\u00f3n 100% Poli\u00e9ster.                                                                                                                                                                                                                                                                                                                                                                                                                                                                                                                                                                                                                                                                                                                                                                                                                                                                                                                                                                                                                                        <\/p>\n","protected":false},"excerpt":{"rendered":"<p>SET JHAYBER DN23130-600<\/p>\n","protected":false},"featured_media":70511,"template":"","meta":[],"product_brand":[],"product_cat":[367],"product_tag":[],"class_list":{"0":"post-70503","1":"product","2":"type-product","3":"status-publish","4":"has-post-thumbnail","6":"product_cat-padel_y_tenis_textil_conjuntos","7":"pa_color-unico","8":"pa_talla-t-10","9":"pa_talla-t-12","10":"pa_talla-t-14","11":"pa_talla-t-16","12":"pa_talla-t-4","13":"pa_talla-t-6","14":"pa_talla-t-8","15":"thunk-woo-product-list","16":"opn-qv-enable","17":"open-woo-hover-","18":"open-single-product-tab-horizontal","19":"open-shadow-","20":"open-shadow-hover-","22":"first","23":"instock","24":"shipping-taxable","25":"purchasable","26":"product-type-variable"},"jetpack_sharing_enabled":true,"_links":{"self":[{"href":"https:\/\/www.deporteseli.com\/index.php?rest_route=\/wp\/v2\/product\/70503","targetHints":{"allow":["GET"]}}],"collection":[{"href":"https:\/\/www.deporteseli.com\/index.php?rest_route=\/wp\/v2\/product"}],"about":[{"href":"https:\/\/www.deporteseli.com\/index.php?rest_route=\/wp\/v2\/types\/product"}],"wp:featuredmedia":[{"embeddable":true,"href":"https:\/\/www.deporteseli.com\/index.php?rest_route=\/wp\/v2\/media\/70511"}],"wp:attachment":[{"href":"https:\/\/www.deporteseli.com\/index.php?rest_route=%2Fwp%2Fv2%2Fmedia&parent=70503"}],"wp:term":[{"taxonomy":"product_brand","embeddable":true,"href":"https:\/\/www.deporteseli.com\/index.php?rest_route=%2Fwp%2Fv2%2Fproduct_brand&post=70503"},{"taxonomy":"product_cat","embeddable":true,"href":"https:\/\/www.deporteseli.com\/index.php?rest_route=%2Fwp%2Fv2%2Fproduct_cat&post=70503"},{"taxonomy":"product_tag","embeddable":true,"href":"https:\/\/www.deporteseli.com\/index.php?rest_route=%2Fwp%2Fv2%2Fproduct_tag&post=70503"}],"curies":[{"name":"wp","href":"https:\/\/api.w.org\/{rel}","templated":true}]}}