{"id":70462,"date":"2026-03-09T19:46:52","date_gmt":"2026-03-09T19:46:52","guid":{"rendered":"https:\/\/www.deporteseli.com\/?product=set-jhayber-dn23124-400"},"modified":"2026-03-09T19:47:04","modified_gmt":"2026-03-09T19:47:04","slug":"set-jhayber-dn23124-400","status":"publish","type":"product","link":"https:\/\/www.deporteseli.com\/?product=set-jhayber-dn23124-400","title":{"rendered":"SET JHAYBER DN23124-400"},"content":{"rendered":"<p>El conjunto Cross en color rojo presenta una camiseta con dise\u00f1o geom\u00e9trico en negro sobre fondo rojo, creando un efecto gr\u00e1fico potente y moderno con detalles que simulan movimiento. El contraste de formas y colores aporta una est\u00e9tica muy actual y visualmente impactante. Ideal para practicar cualquier deporte o para el d\u00eda a d\u00eda, gracias a su espalda transpirable que mejora la ventilaci\u00f3n, y al pantal\u00f3n negro con bolsillos laterales, cintura el\u00e1stica y cord\u00f3n ajustable que garantizan libertad de movimiento. Composici\u00f3n 100% Poli\u00e9ster.                                                                                                                                                                                                                                                                                                                                                                                                                                                                                                                                                                                                                                                                                                                                                                                                                                                                                                                                                                                                                                        <\/p>\n","protected":false},"excerpt":{"rendered":"<p>SET JHAYBER DN23124-400<\/p>\n","protected":false},"featured_media":70470,"template":"","meta":[],"product_brand":[],"product_cat":[367],"product_tag":[],"class_list":{"0":"post-70462","1":"product","2":"type-product","3":"status-publish","4":"has-post-thumbnail","6":"product_cat-padel_y_tenis_textil_conjuntos","7":"pa_color-unico","8":"pa_talla-t-10","9":"pa_talla-t-12","10":"pa_talla-t-14","11":"pa_talla-t-16","12":"pa_talla-t-4","13":"pa_talla-t-6","14":"pa_talla-t-8","15":"thunk-woo-product-list","16":"opn-qv-enable","17":"open-woo-hover-","18":"open-single-product-tab-horizontal","19":"open-shadow-","20":"open-shadow-hover-","22":"first","23":"instock","24":"shipping-taxable","25":"purchasable","26":"product-type-variable"},"jetpack_sharing_enabled":true,"_links":{"self":[{"href":"https:\/\/www.deporteseli.com\/index.php?rest_route=\/wp\/v2\/product\/70462","targetHints":{"allow":["GET"]}}],"collection":[{"href":"https:\/\/www.deporteseli.com\/index.php?rest_route=\/wp\/v2\/product"}],"about":[{"href":"https:\/\/www.deporteseli.com\/index.php?rest_route=\/wp\/v2\/types\/product"}],"wp:featuredmedia":[{"embeddable":true,"href":"https:\/\/www.deporteseli.com\/index.php?rest_route=\/wp\/v2\/media\/70470"}],"wp:attachment":[{"href":"https:\/\/www.deporteseli.com\/index.php?rest_route=%2Fwp%2Fv2%2Fmedia&parent=70462"}],"wp:term":[{"taxonomy":"product_brand","embeddable":true,"href":"https:\/\/www.deporteseli.com\/index.php?rest_route=%2Fwp%2Fv2%2Fproduct_brand&post=70462"},{"taxonomy":"product_cat","embeddable":true,"href":"https:\/\/www.deporteseli.com\/index.php?rest_route=%2Fwp%2Fv2%2Fproduct_cat&post=70462"},{"taxonomy":"product_tag","embeddable":true,"href":"https:\/\/www.deporteseli.com\/index.php?rest_route=%2Fwp%2Fv2%2Fproduct_tag&post=70462"}],"curies":[{"name":"wp","href":"https:\/\/api.w.org\/{rel}","templated":true}]}}