{"id":70453,"date":"2026-03-09T19:46:11","date_gmt":"2026-03-09T19:46:11","guid":{"rendered":"https:\/\/www.deporteseli.com\/?product=set-jhayber-dn23123-400"},"modified":"2026-04-18T04:20:49","modified_gmt":"2026-04-18T04:20:49","slug":"set-jhayber-dn23123-400","status":"publish","type":"product","link":"https:\/\/www.deporteseli.com\/?product=set-jhayber-dn23123-400","title":{"rendered":"SET JHAYBER DN23123-400"},"content":{"rendered":"<p>El conjunto Set combina una est\u00e9tica moderna con funcionalidad, gracias a su camiseta roja decorada con detalles en negro y blanco que generan un contraste visual potente y din\u00e1mico. El pantal\u00f3n negro con bolsillos laterales refuerza la utilidad del conjunto sin perder su estilo deportivo. Est\u00e1 confeccionado con tejidos ligeros que permiten libertad de movimiento. La espalda transpirable mejora la ventilaci\u00f3n y el pantal\u00f3n cuenta con cintura el\u00e1stica y cord\u00f3n ajustable para mayor comodidad. Composici\u00f3n: 100% Poli\u00e9ster.                                                                                                                                                                                                                                                                                                                                                                                                                                                                                                                                                                                                                                                                                                                                                                                                                                                                                                                                                                                                                                        <\/p>\n","protected":false},"excerpt":{"rendered":"<p>SET JHAYBER DN23123-400<\/p>\n","protected":false},"featured_media":70460,"template":"","meta":[],"product_brand":[],"product_cat":[367],"product_tag":[],"class_list":{"0":"post-70453","1":"product","2":"type-product","3":"status-publish","4":"has-post-thumbnail","6":"product_cat-padel_y_tenis_textil_conjuntos","7":"pa_color-unico","8":"pa_talla-t-10","9":"pa_talla-t-12","10":"pa_talla-t-14","11":"pa_talla-t-16","12":"pa_talla-t-6","13":"pa_talla-t-8","14":"thunk-woo-product-list","15":"opn-qv-enable","16":"open-woo-hover-","17":"open-single-product-tab-horizontal","18":"open-shadow-","19":"open-shadow-hover-","21":"first","22":"instock","23":"shipping-taxable","24":"purchasable","25":"product-type-variable"},"jetpack_sharing_enabled":true,"_links":{"self":[{"href":"https:\/\/www.deporteseli.com\/index.php?rest_route=\/wp\/v2\/product\/70453","targetHints":{"allow":["GET"]}}],"collection":[{"href":"https:\/\/www.deporteseli.com\/index.php?rest_route=\/wp\/v2\/product"}],"about":[{"href":"https:\/\/www.deporteseli.com\/index.php?rest_route=\/wp\/v2\/types\/product"}],"wp:featuredmedia":[{"embeddable":true,"href":"https:\/\/www.deporteseli.com\/index.php?rest_route=\/wp\/v2\/media\/70460"}],"wp:attachment":[{"href":"https:\/\/www.deporteseli.com\/index.php?rest_route=%2Fwp%2Fv2%2Fmedia&parent=70453"}],"wp:term":[{"taxonomy":"product_brand","embeddable":true,"href":"https:\/\/www.deporteseli.com\/index.php?rest_route=%2Fwp%2Fv2%2Fproduct_brand&post=70453"},{"taxonomy":"product_cat","embeddable":true,"href":"https:\/\/www.deporteseli.com\/index.php?rest_route=%2Fwp%2Fv2%2Fproduct_cat&post=70453"},{"taxonomy":"product_tag","embeddable":true,"href":"https:\/\/www.deporteseli.com\/index.php?rest_route=%2Fwp%2Fv2%2Fproduct_tag&post=70453"}],"curies":[{"name":"wp","href":"https:\/\/api.w.org\/{rel}","templated":true}]}}