{"id":70434,"date":"2026-03-09T19:44:23","date_gmt":"2026-03-09T19:44:23","guid":{"rendered":"https:\/\/www.deporteseli.com\/?product=set-jhayber-dn23115-900"},"modified":"2026-04-22T04:18:21","modified_gmt":"2026-04-22T04:18:21","slug":"set-jhayber-dn23115-900","status":"publish","type":"product","link":"https:\/\/www.deporteseli.com\/?product=set-jhayber-dn23115-900","title":{"rendered":"SET JHAYBER DN23115-900"},"content":{"rendered":"<p>El conjunto Smash en color naranja destaca por su camiseta de dise\u00f1o futurista con efecto \u00f3ptico en tonos naranjas y detalles en blanco. Su estampado crea una sensaci\u00f3n de movimiento que llama la atenci\u00f3n y aporta un estilo moderno y energ\u00e9tico. Incorpora espalda transpirable para mayor frescura, pantal\u00f3n con bolsillos funcionales y cintura el\u00e1stica con cord\u00f3n ajustable para un mejor ajuste y comodidad durante el d\u00eda. Composici\u00f3n 100% Poli\u00e9ster.                                                                                                                                                                                                                                                                                                                                                                                                                                                                                                                                                                                                                                                                                                                                                                                                                                                                                                                                                                                                                                        <\/p>\n","protected":false},"excerpt":{"rendered":"<p>SET JHAYBER DN23115-900<\/p>\n","protected":false},"featured_media":70442,"template":"","meta":[],"product_brand":[],"product_cat":[367],"product_tag":[],"class_list":{"0":"post-70434","1":"product","2":"type-product","3":"status-publish","4":"has-post-thumbnail","6":"product_cat-padel_y_tenis_textil_conjuntos","7":"pa_color-unico","8":"pa_talla-t-10","9":"pa_talla-t-12","10":"pa_talla-t-14","11":"pa_talla-t-16","12":"pa_talla-t-4","13":"pa_talla-t-6","14":"pa_talla-t-8","15":"thunk-woo-product-list","16":"opn-qv-enable","17":"open-woo-hover-","18":"open-single-product-tab-horizontal","19":"open-shadow-","20":"open-shadow-hover-","22":"first","23":"instock","24":"shipping-taxable","25":"purchasable","26":"product-type-variable"},"jetpack_sharing_enabled":true,"_links":{"self":[{"href":"https:\/\/www.deporteseli.com\/index.php?rest_route=\/wp\/v2\/product\/70434","targetHints":{"allow":["GET"]}}],"collection":[{"href":"https:\/\/www.deporteseli.com\/index.php?rest_route=\/wp\/v2\/product"}],"about":[{"href":"https:\/\/www.deporteseli.com\/index.php?rest_route=\/wp\/v2\/types\/product"}],"wp:featuredmedia":[{"embeddable":true,"href":"https:\/\/www.deporteseli.com\/index.php?rest_route=\/wp\/v2\/media\/70442"}],"wp:attachment":[{"href":"https:\/\/www.deporteseli.com\/index.php?rest_route=%2Fwp%2Fv2%2Fmedia&parent=70434"}],"wp:term":[{"taxonomy":"product_brand","embeddable":true,"href":"https:\/\/www.deporteseli.com\/index.php?rest_route=%2Fwp%2Fv2%2Fproduct_brand&post=70434"},{"taxonomy":"product_cat","embeddable":true,"href":"https:\/\/www.deporteseli.com\/index.php?rest_route=%2Fwp%2Fv2%2Fproduct_cat&post=70434"},{"taxonomy":"product_tag","embeddable":true,"href":"https:\/\/www.deporteseli.com\/index.php?rest_route=%2Fwp%2Fv2%2Fproduct_tag&post=70434"}],"curies":[{"name":"wp","href":"https:\/\/api.w.org\/{rel}","templated":true}]}}