{"id":70418,"date":"2026-03-09T19:42:55","date_gmt":"2026-03-09T19:42:55","guid":{"rendered":"https:\/\/www.deporteseli.com\/?product=short-jhayber-da4420-28"},"modified":"2026-04-05T04:18:26","modified_gmt":"2026-04-05T04:18:26","slug":"short-jhayber-da4420-28","status":"publish","type":"product","link":"https:\/\/www.deporteseli.com\/?product=short-jhayber-da4420-28","title":{"rendered":"SHORT JHAYBER DA4420-28"},"content":{"rendered":"<p>El pantal\u00f3n corto Tramontana en color gris ofrece un dise\u00f1o moderno y funcional con tejido de tacto algod\u00f3n que aporta una sensaci\u00f3n natural. Su construcci\u00f3n ligera favorece el uso diario. Incluye bolsillos laterales con cremallera, un bolsillo trasero adicional y cintura el\u00e1stica con cord\u00f3n ajustable para garantizar un ajuste c\u00f3modo. Composici\u00f3n: 75% Poli\u00e9ster, 25% Elast\u00e1n.                                                                                                                                                                                                                                                                                                                                                                                                                                                                                                                                                                                                                                                                                                                                                                                                                                                                                                                                                                                                                                        <\/p>\n","protected":false},"excerpt":{"rendered":"<p>SHORT JHAYBER DA4420-28<\/p>\n","protected":false},"featured_media":70424,"template":"","meta":[],"product_brand":[],"product_cat":[250],"product_tag":[],"class_list":{"0":"post-70418","1":"product","2":"type-product","3":"status-publish","4":"has-post-thumbnail","6":"product_cat-hombre_textil_bermudas","7":"pa_color-unico","8":"pa_talla-l","9":"pa_talla-m","10":"pa_talla-s","11":"pa_talla-xl","12":"pa_talla-xxl","13":"thunk-woo-product-list","14":"opn-qv-enable","15":"open-woo-hover-","16":"open-single-product-tab-horizontal","17":"open-shadow-","18":"open-shadow-hover-","20":"first","21":"instock","22":"shipping-taxable","23":"purchasable","24":"product-type-variable"},"jetpack_sharing_enabled":true,"_links":{"self":[{"href":"https:\/\/www.deporteseli.com\/index.php?rest_route=\/wp\/v2\/product\/70418","targetHints":{"allow":["GET"]}}],"collection":[{"href":"https:\/\/www.deporteseli.com\/index.php?rest_route=\/wp\/v2\/product"}],"about":[{"href":"https:\/\/www.deporteseli.com\/index.php?rest_route=\/wp\/v2\/types\/product"}],"wp:featuredmedia":[{"embeddable":true,"href":"https:\/\/www.deporteseli.com\/index.php?rest_route=\/wp\/v2\/media\/70424"}],"wp:attachment":[{"href":"https:\/\/www.deporteseli.com\/index.php?rest_route=%2Fwp%2Fv2%2Fmedia&parent=70418"}],"wp:term":[{"taxonomy":"product_brand","embeddable":true,"href":"https:\/\/www.deporteseli.com\/index.php?rest_route=%2Fwp%2Fv2%2Fproduct_brand&post=70418"},{"taxonomy":"product_cat","embeddable":true,"href":"https:\/\/www.deporteseli.com\/index.php?rest_route=%2Fwp%2Fv2%2Fproduct_cat&post=70418"},{"taxonomy":"product_tag","embeddable":true,"href":"https:\/\/www.deporteseli.com\/index.php?rest_route=%2Fwp%2Fv2%2Fproduct_tag&post=70418"}],"curies":[{"name":"wp","href":"https:\/\/api.w.org\/{rel}","templated":true}]}}