{"id":70402,"date":"2026-03-09T19:41:44","date_gmt":"2026-03-09T19:41:44","guid":{"rendered":"https:\/\/www.deporteseli.com\/?product=camisa-jhayber-da3267-66"},"modified":"2026-04-05T04:18:24","modified_gmt":"2026-04-05T04:18:24","slug":"camisa-jhayber-da3267-66","status":"publish","type":"product","link":"https:\/\/www.deporteseli.com\/?product=camisa-jhayber-da3267-66","title":{"rendered":"CAMISA JHAYBER DA3267-66"},"content":{"rendered":"<p>La camiseta Mallorca en color verde destaca por su dise\u00f1o deportivo con estructura ligera. Su tejido t\u00e9cnico ofrece un alto nivel de transpirabilidad, ideal para climas c\u00e1lidos o entrenamientos intensos. Est\u00e1 pensada para quienes buscan funcionalidad sin renunciar a la comodidad. Su composici\u00f3n garantiza una gran adaptabilidad al cuerpo y libertad de movimiento. Composici\u00f3n: 65% Poliamida, 30% Poli\u00e9ster, 5% Elast\u00e1n.                                                                                                                                                                                                                                                                                                                                                                                                                                                                                                                                                                                                                                                                                                                                                                                                                                                                                                                                                                                                                                        <\/p>\n","protected":false},"excerpt":{"rendered":"<p>CAMISA JHAYBER DA3267-66<\/p>\n","protected":false},"featured_media":70408,"template":"","meta":[],"product_brand":[],"product_cat":[245],"product_tag":[],"class_list":{"0":"post-70402","1":"product","2":"type-product","3":"status-publish","4":"has-post-thumbnail","6":"product_cat-hombre_textil_camisetas","7":"pa_color-unico","8":"pa_talla-l","9":"pa_talla-m","10":"pa_talla-s","11":"pa_talla-xl","12":"pa_talla-xxl","13":"thunk-woo-product-list","14":"opn-qv-enable","15":"open-woo-hover-","16":"open-single-product-tab-horizontal","17":"open-shadow-","18":"open-shadow-hover-","20":"first","21":"instock","22":"shipping-taxable","23":"purchasable","24":"product-type-variable"},"jetpack_sharing_enabled":true,"_links":{"self":[{"href":"https:\/\/www.deporteseli.com\/index.php?rest_route=\/wp\/v2\/product\/70402","targetHints":{"allow":["GET"]}}],"collection":[{"href":"https:\/\/www.deporteseli.com\/index.php?rest_route=\/wp\/v2\/product"}],"about":[{"href":"https:\/\/www.deporteseli.com\/index.php?rest_route=\/wp\/v2\/types\/product"}],"wp:featuredmedia":[{"embeddable":true,"href":"https:\/\/www.deporteseli.com\/index.php?rest_route=\/wp\/v2\/media\/70408"}],"wp:attachment":[{"href":"https:\/\/www.deporteseli.com\/index.php?rest_route=%2Fwp%2Fv2%2Fmedia&parent=70402"}],"wp:term":[{"taxonomy":"product_brand","embeddable":true,"href":"https:\/\/www.deporteseli.com\/index.php?rest_route=%2Fwp%2Fv2%2Fproduct_brand&post=70402"},{"taxonomy":"product_cat","embeddable":true,"href":"https:\/\/www.deporteseli.com\/index.php?rest_route=%2Fwp%2Fv2%2Fproduct_cat&post=70402"},{"taxonomy":"product_tag","embeddable":true,"href":"https:\/\/www.deporteseli.com\/index.php?rest_route=%2Fwp%2Fv2%2Fproduct_tag&post=70402"}],"curies":[{"name":"wp","href":"https:\/\/api.w.org\/{rel}","templated":true}]}}