{"id":70394,"date":"2026-03-09T19:41:08","date_gmt":"2026-03-09T19:41:08","guid":{"rendered":"https:\/\/www.deporteseli.com\/?product=camisa-jhayber-da3266-600"},"modified":"2026-03-09T19:41:25","modified_gmt":"2026-03-09T19:41:25","slug":"camisa-jhayber-da3266-600","status":"publish","type":"product","link":"https:\/\/www.deporteseli.com\/?product=camisa-jhayber-da3266-600","title":{"rendered":"CAMISA JHAYBER DA3266-600"},"content":{"rendered":"<p>La camiseta Formentera en color verde presenta un dise\u00f1o limpio y contempor\u00e1neo, ideal para un estilo casual y relajado. Su tono neutro facilita la combinaci\u00f3n con cualquier tipo de prenda. Su confecci\u00f3n en mezcla de poli\u00e9ster, algod\u00f3n y elast\u00e1n ofrece un tacto suave y una gran ligereza, ideal para el uso diario. Se adapta con comodidad a distintos movimientos. Composici\u00f3n: 60% Poli\u00e9ster, 35% Algod\u00f3n, 5% Elast\u00e1n.                                                                                                                                                                                                                                                                                                                                                                                                                                                                                                                                                                                                                                                                                                                                                                                                                                                                                                                                                                                                                                        <\/p>\n","protected":false},"excerpt":{"rendered":"<p>CAMISA JHAYBER DA3266-600<\/p>\n","protected":false},"featured_media":70400,"template":"","meta":[],"product_brand":[],"product_cat":[245],"product_tag":[],"class_list":{"0":"post-70394","1":"product","2":"type-product","3":"status-publish","4":"has-post-thumbnail","6":"product_cat-hombre_textil_camisetas","7":"pa_color-unico","8":"pa_talla-l","9":"pa_talla-m","10":"pa_talla-s","11":"pa_talla-xl","12":"pa_talla-xxl","13":"thunk-woo-product-list","14":"opn-qv-enable","15":"open-woo-hover-","16":"open-single-product-tab-horizontal","17":"open-shadow-","18":"open-shadow-hover-","20":"first","21":"instock","22":"shipping-taxable","23":"purchasable","24":"product-type-variable"},"jetpack_sharing_enabled":true,"_links":{"self":[{"href":"https:\/\/www.deporteseli.com\/index.php?rest_route=\/wp\/v2\/product\/70394","targetHints":{"allow":["GET"]}}],"collection":[{"href":"https:\/\/www.deporteseli.com\/index.php?rest_route=\/wp\/v2\/product"}],"about":[{"href":"https:\/\/www.deporteseli.com\/index.php?rest_route=\/wp\/v2\/types\/product"}],"wp:featuredmedia":[{"embeddable":true,"href":"https:\/\/www.deporteseli.com\/index.php?rest_route=\/wp\/v2\/media\/70400"}],"wp:attachment":[{"href":"https:\/\/www.deporteseli.com\/index.php?rest_route=%2Fwp%2Fv2%2Fmedia&parent=70394"}],"wp:term":[{"taxonomy":"product_brand","embeddable":true,"href":"https:\/\/www.deporteseli.com\/index.php?rest_route=%2Fwp%2Fv2%2Fproduct_brand&post=70394"},{"taxonomy":"product_cat","embeddable":true,"href":"https:\/\/www.deporteseli.com\/index.php?rest_route=%2Fwp%2Fv2%2Fproduct_cat&post=70394"},{"taxonomy":"product_tag","embeddable":true,"href":"https:\/\/www.deporteseli.com\/index.php?rest_route=%2Fwp%2Fv2%2Fproduct_tag&post=70394"}],"curies":[{"name":"wp","href":"https:\/\/api.w.org\/{rel}","templated":true}]}}