{"id":70378,"date":"2026-03-09T19:40:09","date_gmt":"2026-03-09T19:40:09","guid":{"rendered":"https:\/\/www.deporteseli.com\/?product=set-jhayber-da23081-400"},"modified":"2026-03-19T05:20:28","modified_gmt":"2026-03-19T05:20:28","slug":"set-jhayber-da23081-400","status":"publish","type":"product","link":"https:\/\/www.deporteseli.com\/?product=set-jhayber-da23081-400","title":{"rendered":"SET JHAYBER DA23081-400"},"content":{"rendered":"<p>El conjunto Set presenta una est\u00e9tica moderna e impactante, con una camiseta roja decorada con detalles en negro y blanco que generan un contraste visual potente y din\u00e1mico. El pantal\u00f3n negro complementa el conjunto con equilibrio y funcionalidad. Est\u00e1 confeccionado con tejidos ligeros que permiten libertad de movimiento. La espalda transpirable mejora la ventilaci\u00f3n en actividades intensas, y el pantal\u00f3n con bolsillos lateralescuenta con cintura el\u00e1stica y cord\u00f3n ajustable para mayor comodidad. Composici\u00f3n: 100% Poli\u00e9ster.                                                                                                                                                                                                                                                                                                                                                                                                                                                                                                                                                                                                                                                                                                                                                                                                                                                                                                                                                                                                                                        <\/p>\n","protected":false},"excerpt":{"rendered":"<p>SET JHAYBER DA23081-400<\/p>\n","protected":false},"featured_media":70384,"template":"","meta":[],"product_brand":[],"product_cat":[367],"product_tag":[],"class_list":{"0":"post-70378","1":"product","2":"type-product","3":"status-publish","4":"has-post-thumbnail","6":"product_cat-padel_y_tenis_textil_conjuntos","7":"pa_color-unico","8":"pa_talla-l","9":"pa_talla-m","10":"pa_talla-s","11":"pa_talla-xl","12":"pa_talla-xxl","13":"thunk-woo-product-list","14":"opn-qv-enable","15":"open-woo-hover-","16":"open-single-product-tab-horizontal","17":"open-shadow-","18":"open-shadow-hover-","20":"first","21":"instock","22":"shipping-taxable","23":"purchasable","24":"product-type-variable"},"jetpack_sharing_enabled":true,"_links":{"self":[{"href":"https:\/\/www.deporteseli.com\/index.php?rest_route=\/wp\/v2\/product\/70378","targetHints":{"allow":["GET"]}}],"collection":[{"href":"https:\/\/www.deporteseli.com\/index.php?rest_route=\/wp\/v2\/product"}],"about":[{"href":"https:\/\/www.deporteseli.com\/index.php?rest_route=\/wp\/v2\/types\/product"}],"wp:featuredmedia":[{"embeddable":true,"href":"https:\/\/www.deporteseli.com\/index.php?rest_route=\/wp\/v2\/media\/70384"}],"wp:attachment":[{"href":"https:\/\/www.deporteseli.com\/index.php?rest_route=%2Fwp%2Fv2%2Fmedia&parent=70378"}],"wp:term":[{"taxonomy":"product_brand","embeddable":true,"href":"https:\/\/www.deporteseli.com\/index.php?rest_route=%2Fwp%2Fv2%2Fproduct_brand&post=70378"},{"taxonomy":"product_cat","embeddable":true,"href":"https:\/\/www.deporteseli.com\/index.php?rest_route=%2Fwp%2Fv2%2Fproduct_cat&post=70378"},{"taxonomy":"product_tag","embeddable":true,"href":"https:\/\/www.deporteseli.com\/index.php?rest_route=%2Fwp%2Fv2%2Fproduct_tag&post=70378"}],"curies":[{"name":"wp","href":"https:\/\/api.w.org\/{rel}","templated":true}]}}