{"id":70370,"date":"2026-03-09T19:39:33","date_gmt":"2026-03-09T19:39:33","guid":{"rendered":"https:\/\/www.deporteseli.com\/?product=set-jhayber-da23081-200"},"modified":"2026-04-08T04:18:07","modified_gmt":"2026-04-08T04:18:07","slug":"set-jhayber-da23081-200","status":"publish","type":"product","link":"https:\/\/www.deporteseli.com\/?product=set-jhayber-da23081-200","title":{"rendered":"SET JHAYBER DA23081-200"},"content":{"rendered":"<p>El conjunto Set combina una est\u00e9tica moderna con funcionalidad, gracias a su camiseta negra decorada con detalles en tonos amarillos que aportan dinamismo visual y contraste. El pantal\u00f3n negro con bolsillos laterales refuerza la utilidad del conjunto sin perder su estilo deportivo. Est\u00e1 confeccionado con tejidos ligeros que permiten libertad de movimiento. La espalda transpirable mejora la ventilaci\u00f3n en actividades intensas, y el pantal\u00f3n cuenta con cintura el\u00e1stica y cord\u00f3n ajustable para mayor comodidad. Composici\u00f3n: 100% Poli\u00e9ster.                                                                                                                                                                                                                                                                                                                                                                                                                                                                                                                                                                                                                                                                                                                                                                                                                                                                                                                                                                                                                                        <\/p>\n","protected":false},"excerpt":{"rendered":"<p>SET JHAYBER DA23081-200<\/p>\n","protected":false},"featured_media":70376,"template":"","meta":[],"product_brand":[],"product_cat":[367],"product_tag":[],"class_list":{"0":"post-70370","1":"product","2":"type-product","3":"status-publish","4":"has-post-thumbnail","6":"product_cat-padel_y_tenis_textil_conjuntos","7":"pa_color-unico","8":"pa_talla-l","9":"pa_talla-m","10":"pa_talla-s","11":"pa_talla-xl","12":"pa_talla-xxl","13":"thunk-woo-product-list","14":"opn-qv-enable","15":"open-woo-hover-","16":"open-single-product-tab-horizontal","17":"open-shadow-","18":"open-shadow-hover-","20":"first","21":"instock","22":"shipping-taxable","23":"purchasable","24":"product-type-variable"},"jetpack_sharing_enabled":true,"_links":{"self":[{"href":"https:\/\/www.deporteseli.com\/index.php?rest_route=\/wp\/v2\/product\/70370","targetHints":{"allow":["GET"]}}],"collection":[{"href":"https:\/\/www.deporteseli.com\/index.php?rest_route=\/wp\/v2\/product"}],"about":[{"href":"https:\/\/www.deporteseli.com\/index.php?rest_route=\/wp\/v2\/types\/product"}],"wp:featuredmedia":[{"embeddable":true,"href":"https:\/\/www.deporteseli.com\/index.php?rest_route=\/wp\/v2\/media\/70376"}],"wp:attachment":[{"href":"https:\/\/www.deporteseli.com\/index.php?rest_route=%2Fwp%2Fv2%2Fmedia&parent=70370"}],"wp:term":[{"taxonomy":"product_brand","embeddable":true,"href":"https:\/\/www.deporteseli.com\/index.php?rest_route=%2Fwp%2Fv2%2Fproduct_brand&post=70370"},{"taxonomy":"product_cat","embeddable":true,"href":"https:\/\/www.deporteseli.com\/index.php?rest_route=%2Fwp%2Fv2%2Fproduct_cat&post=70370"},{"taxonomy":"product_tag","embeddable":true,"href":"https:\/\/www.deporteseli.com\/index.php?rest_route=%2Fwp%2Fv2%2Fproduct_tag&post=70370"}],"curies":[{"name":"wp","href":"https:\/\/api.w.org\/{rel}","templated":true}]}}