{"id":70314,"date":"2026-03-09T19:34:51","date_gmt":"2026-03-09T19:34:51","guid":{"rendered":"https:\/\/www.deporteseli.com\/?product=tenis-jhayber-rephaze-black"},"modified":"2026-03-09T19:35:00","modified_gmt":"2026-03-09T19:35:00","slug":"tenis-jhayber-rephaze-black","status":"publish","type":"product","link":"https:\/\/www.deporteseli.com\/?product=tenis-jhayber-rephaze-black","title":{"rendered":"TENIS JHAYBER REPHAZE BLACK"},"content":{"rendered":"<p>Descripci\u00f3n  Las zapatillas Rephaze 100 est\u00e1n dise\u00f1adas para la monta\u00f1a y actividades al aire libre. Su suela dentada con tecnolog\u00eda X-traction proporciona un agarre superior, ideal para terrenos irregulares, pedregosos o h\u00famedos, ofreciendo m\u00e1xima estabilidad en cada zancada. Est\u00e1n confeccionadas con materiales transpirables que favorecen la ventilaci\u00f3n, y su plantilla Comfort Running garantiza amortiguaci\u00f3n y confort durante todo el recorrido. Su dise\u00f1o robusto en negro con detalles en gris y rosa aporta estilo sin renunciar al rendimiento.                                                                                                                                                                                                                                                                                                                                                                                                                                                                                                                                                                                                                                                                                                                                                                                                                                                                                                                                                                                                                                        <\/p>\n","protected":false},"excerpt":{"rendered":"<p>TENIS JHAYBER REPHAZE BLACK<\/p>\n","protected":false},"featured_media":70321,"template":"","meta":[],"product_brand":[],"product_cat":[286],"product_tag":[],"class_list":{"0":"post-70314","1":"product","2":"type-product","3":"status-publish","4":"has-post-thumbnail","6":"product_cat-mujer_calzado_trail","7":"pa_color-unico","8":"pa_talla-141","9":"pa_talla-143","10":"pa_talla-145","11":"pa_talla-147","12":"pa_talla-149","13":"pa_talla-151","14":"thunk-woo-product-list","15":"opn-qv-enable","16":"open-woo-hover-","17":"open-single-product-tab-horizontal","18":"open-shadow-","19":"open-shadow-hover-","21":"first","22":"instock","23":"shipping-taxable","24":"purchasable","25":"product-type-variable"},"jetpack_sharing_enabled":true,"_links":{"self":[{"href":"https:\/\/www.deporteseli.com\/index.php?rest_route=\/wp\/v2\/product\/70314","targetHints":{"allow":["GET"]}}],"collection":[{"href":"https:\/\/www.deporteseli.com\/index.php?rest_route=\/wp\/v2\/product"}],"about":[{"href":"https:\/\/www.deporteseli.com\/index.php?rest_route=\/wp\/v2\/types\/product"}],"wp:featuredmedia":[{"embeddable":true,"href":"https:\/\/www.deporteseli.com\/index.php?rest_route=\/wp\/v2\/media\/70321"}],"wp:attachment":[{"href":"https:\/\/www.deporteseli.com\/index.php?rest_route=%2Fwp%2Fv2%2Fmedia&parent=70314"}],"wp:term":[{"taxonomy":"product_brand","embeddable":true,"href":"https:\/\/www.deporteseli.com\/index.php?rest_route=%2Fwp%2Fv2%2Fproduct_brand&post=70314"},{"taxonomy":"product_cat","embeddable":true,"href":"https:\/\/www.deporteseli.com\/index.php?rest_route=%2Fwp%2Fv2%2Fproduct_cat&post=70314"},{"taxonomy":"product_tag","embeddable":true,"href":"https:\/\/www.deporteseli.com\/index.php?rest_route=%2Fwp%2Fv2%2Fproduct_tag&post=70314"}],"curies":[{"name":"wp","href":"https:\/\/api.w.org\/{rel}","templated":true}]}}