{"id":70298,"date":"2026-03-09T19:33:58","date_gmt":"2026-03-09T19:33:58","guid":{"rendered":"https:\/\/www.deporteseli.com\/?product=tenis-jhayber-repaire-black"},"modified":"2026-04-18T04:20:45","modified_gmt":"2026-04-18T04:20:45","slug":"tenis-jhayber-repaire-black","status":"publish","type":"product","link":"https:\/\/www.deporteseli.com\/?product=tenis-jhayber-repaire-black","title":{"rendered":"TENIS JHAYBER REPAIRE-BLACK"},"content":{"rendered":"<p>Descripci\u00f3n  Las zapatillas Repaire 100 combinan funcionalidad y dise\u00f1o en cada paso. Est\u00e1n fabricadas con una rejilla t\u00e9cnica que aporta ligereza y permite una ventilaci\u00f3n continua, adapt\u00e1ndose al movimiento natural del pie. La suela con curvatura estrat\u00e9gica mejora la eficiencia en carrera y favorece una amortiguaci\u00f3n suave. La plantilla Comfort Running reduce el impacto sobre las articulaciones y garantiza una sensaci\u00f3n prolongada de comodidad. Su estilo sobrio en color negro aporta un toque vers\u00e1til y moderno para entrenar con personalidad.                                                                                                                                                                                                                                                                                                                                                                                                                                                                                                                                                                                                                                                                                                                                                                                                                                                                                                                                                                                                                                        <\/p>\n","protected":false},"excerpt":{"rendered":"<p>TENIS JHAYBER REPAIRE-BLACK<\/p>\n","protected":false},"featured_media":70305,"template":"","meta":[],"product_brand":[],"product_cat":[285],"product_tag":[],"class_list":{"0":"post-70298","1":"product","2":"type-product","3":"status-publish","4":"has-post-thumbnail","6":"product_cat-mujer_calzado_running","7":"pa_color-unico","8":"pa_talla-141","9":"pa_talla-143","10":"pa_talla-145","11":"pa_talla-147","12":"pa_talla-149","13":"pa_talla-151","14":"thunk-woo-product-list","15":"opn-qv-enable","16":"open-woo-hover-","17":"open-single-product-tab-horizontal","18":"open-shadow-","19":"open-shadow-hover-","21":"first","22":"instock","23":"shipping-taxable","24":"purchasable","25":"product-type-variable"},"jetpack_sharing_enabled":true,"_links":{"self":[{"href":"https:\/\/www.deporteseli.com\/index.php?rest_route=\/wp\/v2\/product\/70298","targetHints":{"allow":["GET"]}}],"collection":[{"href":"https:\/\/www.deporteseli.com\/index.php?rest_route=\/wp\/v2\/product"}],"about":[{"href":"https:\/\/www.deporteseli.com\/index.php?rest_route=\/wp\/v2\/types\/product"}],"wp:featuredmedia":[{"embeddable":true,"href":"https:\/\/www.deporteseli.com\/index.php?rest_route=\/wp\/v2\/media\/70305"}],"wp:attachment":[{"href":"https:\/\/www.deporteseli.com\/index.php?rest_route=%2Fwp%2Fv2%2Fmedia&parent=70298"}],"wp:term":[{"taxonomy":"product_brand","embeddable":true,"href":"https:\/\/www.deporteseli.com\/index.php?rest_route=%2Fwp%2Fv2%2Fproduct_brand&post=70298"},{"taxonomy":"product_cat","embeddable":true,"href":"https:\/\/www.deporteseli.com\/index.php?rest_route=%2Fwp%2Fv2%2Fproduct_cat&post=70298"},{"taxonomy":"product_tag","embeddable":true,"href":"https:\/\/www.deporteseli.com\/index.php?rest_route=%2Fwp%2Fv2%2Fproduct_tag&post=70298"}],"curies":[{"name":"wp","href":"https:\/\/api.w.org\/{rel}","templated":true}]}}