{"id":70278,"date":"2026-03-09T19:33:00","date_gmt":"2026-03-09T19:33:00","guid":{"rendered":"https:\/\/www.deporteseli.com\/?product=cholas-jhayber-sario-brown"},"modified":"2026-03-29T04:18:47","modified_gmt":"2026-03-29T04:18:47","slug":"cholas-jhayber-sario-brown","status":"publish","type":"product","link":"https:\/\/www.deporteseli.com\/?product=cholas-jhayber-sario-brown","title":{"rendered":"CHOLAS JHAYBER SARIO BROWN"},"content":{"rendered":"<p>Descripci\u00f3n  Las sandalias Sario marr\u00f3n est\u00e1n pensadas para ofrecer estabilidad y confort en el d\u00eda a d\u00eda. Combinan resistencia con un dise\u00f1o funcional y sencillo. El cierre adherente permite un ajuste r\u00e1pido y seguro en el empeine y el tal\u00f3n. Incorporan plantilla de microfibra que favorece la transpirabilidad, aportando frescura y comodidad durante todo el uso.                                                                                                                                                                                                                                                                                                                                                                                                                                                                                                                                                                                                                                                                                                                                                                                                                                                                                                                                                                                                                                        <\/p>\n","protected":false},"excerpt":{"rendered":"<p>CHOLAS JHAYBER SARIO BROWN<\/p>\n","protected":false},"featured_media":70287,"template":"","meta":[],"product_brand":[],"product_cat":[265],"product_tag":[],"class_list":{"0":"post-70278","1":"product","2":"type-product","3":"status-publish","4":"has-post-thumbnail","6":"product_cat-hombre_calzado_cholas","7":"pa_color-unico","8":"pa_talla-147","9":"pa_talla-149","10":"pa_talla-151","11":"pa_talla-153","12":"pa_talla-155","13":"pa_talla-157","14":"pa_talla-159","15":"pa_talla-161","16":"thunk-woo-product-list","17":"opn-qv-enable","18":"open-woo-hover-","19":"open-single-product-tab-horizontal","20":"open-shadow-","21":"open-shadow-hover-","23":"first","24":"instock","25":"shipping-taxable","26":"purchasable","27":"product-type-variable"},"jetpack_sharing_enabled":true,"_links":{"self":[{"href":"https:\/\/www.deporteseli.com\/index.php?rest_route=\/wp\/v2\/product\/70278","targetHints":{"allow":["GET"]}}],"collection":[{"href":"https:\/\/www.deporteseli.com\/index.php?rest_route=\/wp\/v2\/product"}],"about":[{"href":"https:\/\/www.deporteseli.com\/index.php?rest_route=\/wp\/v2\/types\/product"}],"wp:featuredmedia":[{"embeddable":true,"href":"https:\/\/www.deporteseli.com\/index.php?rest_route=\/wp\/v2\/media\/70287"}],"wp:attachment":[{"href":"https:\/\/www.deporteseli.com\/index.php?rest_route=%2Fwp%2Fv2%2Fmedia&parent=70278"}],"wp:term":[{"taxonomy":"product_brand","embeddable":true,"href":"https:\/\/www.deporteseli.com\/index.php?rest_route=%2Fwp%2Fv2%2Fproduct_brand&post=70278"},{"taxonomy":"product_cat","embeddable":true,"href":"https:\/\/www.deporteseli.com\/index.php?rest_route=%2Fwp%2Fv2%2Fproduct_cat&post=70278"},{"taxonomy":"product_tag","embeddable":true,"href":"https:\/\/www.deporteseli.com\/index.php?rest_route=%2Fwp%2Fv2%2Fproduct_tag&post=70278"}],"curies":[{"name":"wp","href":"https:\/\/api.w.org\/{rel}","templated":true}]}}