{"id":70268,"date":"2026-03-09T19:32:31","date_gmt":"2026-03-09T19:32:31","guid":{"rendered":"https:\/\/www.deporteseli.com\/?product=tenis-jhayber-ranger-kaki"},"modified":"2026-03-09T19:32:41","modified_gmt":"2026-03-09T19:32:41","slug":"tenis-jhayber-ranger-kaki","status":"publish","type":"product","link":"https:\/\/www.deporteseli.com\/?product=tenis-jhayber-ranger-kaki","title":{"rendered":"TENIS JHAYBER RANGER-KAKI"},"content":{"rendered":"<p>Descripci\u00f3n  Las zapatillas Ranger 100 kaki est\u00e1n pensadas para rutas outdoor exigentes, combinando resistencia, agarre y ligereza. Su dise\u00f1o se presenta en tonos kaki con detalles en gris,verde y naranja aporta una est\u00e9tica deportiva y funcional. Est\u00e1n confeccionadas con tejido de rejilla ligero y transpirable, ideal para mantener el pie seco durante rutas prolongadas. La suela de alta tracci\u00f3n con piso dentado favorece el agarre en superficies irregulares y h\u00famedas. Su estructura ligera permite un confort prolongado en actividades al aire libre, sin renunciar a la estabilidad.                                                                                                                                                                                                                                                                                                                                                                                                                                                                                                                                                                                                                                                                                                                                                                                                                                                                                                                                                                                                                                        <\/p>\n","protected":false},"excerpt":{"rendered":"<p>TENIS JHAYBER RANGER-KAKI<\/p>\n","protected":false},"featured_media":70277,"template":"","meta":[],"product_brand":[],"product_cat":[260],"product_tag":[],"class_list":{"0":"post-70268","1":"product","2":"type-product","3":"status-publish","4":"has-post-thumbnail","6":"product_cat-hombre_calzado_trail","7":"pa_color-unico","8":"pa_talla-147","9":"pa_talla-149","10":"pa_talla-151","11":"pa_talla-153","12":"pa_talla-155","13":"pa_talla-157","14":"pa_talla-159","15":"pa_talla-161","16":"thunk-woo-product-list","17":"opn-qv-enable","18":"open-woo-hover-","19":"open-single-product-tab-horizontal","20":"open-shadow-","21":"open-shadow-hover-","23":"first","24":"instock","25":"shipping-taxable","26":"purchasable","27":"product-type-variable"},"jetpack_sharing_enabled":true,"_links":{"self":[{"href":"https:\/\/www.deporteseli.com\/index.php?rest_route=\/wp\/v2\/product\/70268","targetHints":{"allow":["GET"]}}],"collection":[{"href":"https:\/\/www.deporteseli.com\/index.php?rest_route=\/wp\/v2\/product"}],"about":[{"href":"https:\/\/www.deporteseli.com\/index.php?rest_route=\/wp\/v2\/types\/product"}],"wp:featuredmedia":[{"embeddable":true,"href":"https:\/\/www.deporteseli.com\/index.php?rest_route=\/wp\/v2\/media\/70277"}],"wp:attachment":[{"href":"https:\/\/www.deporteseli.com\/index.php?rest_route=%2Fwp%2Fv2%2Fmedia&parent=70268"}],"wp:term":[{"taxonomy":"product_brand","embeddable":true,"href":"https:\/\/www.deporteseli.com\/index.php?rest_route=%2Fwp%2Fv2%2Fproduct_brand&post=70268"},{"taxonomy":"product_cat","embeddable":true,"href":"https:\/\/www.deporteseli.com\/index.php?rest_route=%2Fwp%2Fv2%2Fproduct_cat&post=70268"},{"taxonomy":"product_tag","embeddable":true,"href":"https:\/\/www.deporteseli.com\/index.php?rest_route=%2Fwp%2Fv2%2Fproduct_tag&post=70268"}],"curies":[{"name":"wp","href":"https:\/\/api.w.org\/{rel}","templated":true}]}}