{"id":70241,"date":"2026-03-09T16:59:11","date_gmt":"2026-03-09T16:59:11","guid":{"rendered":"https:\/\/www.deporteseli.com\/?product=tenis-joma-c500-lady-2301-black"},"modified":"2026-04-07T04:18:32","modified_gmt":"2026-04-07T04:18:32","slug":"tenis-joma-c500-lady-2301-black","status":"publish","type":"product","link":"https:\/\/www.deporteseli.com\/?product=tenis-joma-c500-lady-2301-black","title":{"rendered":"TENIS JOMA C500 LADY 2301 BLACK"},"content":{"rendered":"<p>Disfruta de la comodidad y el estilo en cada paso con nuestras zapatillas casual de mujer. Dise\u00f1adas para ofrecerte versatilidad y confort durante todo el d\u00eda, son perfectas para caminar, pasar largas horas de pie o acompa\u00f1arte en cualquier plan diario.    El corte sint\u00e9tico en una sola pieza, con tecnolog\u00eda ONE PIECE, reduce al m\u00ednimo las costuras para mantener la ligereza y resistencia del calzado. Adem\u00e1s, su material es f\u00e1cil de limpiar y se adapta al ritmo de tu d\u00eda a d\u00eda.    La mediasuela de phylon seccionado proporciona una amortiguaci\u00f3n ergon\u00f3mica, que se adapta al movimiento natural del pie, aportando mayor flexibilidad y comodidad en cada paso.    Su suela de caucho con tecnolog\u00eda SLIP RESISTANT ofrece una tracci\u00f3n superior y mayor seguridad, evitando deslizamientos incluso en superficies h\u00famedas.    Caracter\u00edsticas principales  Corte sint\u00e9tico de una sola pieza con tecnolog\u00eda ONE PIECE    Cierre con cordones para un ajuste personalizado    Mediasuela de phylon seccionado para mayor flexibilidad    Suela antideslizante SLIP RESISTANT    Horma ancha para un confort extra                                                                                                                                                                                                                                                                                                                                                                                                                                                                                                                                                                                                                                                                                                                                                                                                                                                                                                                                                                                                                                        <\/p>\n","protected":false},"excerpt":{"rendered":"<p>TENIS JOMA C500 LADY 2301 BLACK<\/p>\n","protected":false},"featured_media":70244,"template":"","meta":[],"product_brand":[],"product_cat":[287],"product_tag":[31],"class_list":{"0":"post-70241","1":"product","2":"type-product","3":"status-publish","4":"has-post-thumbnail","6":"product_cat-mujer_calzado_casual","7":"product_tag-joma","8":"pa_color-negro","9":"pa_talla-149","10":"pa_talla-151","11":"thunk-woo-product-list","12":"opn-qv-enable","13":"open-woo-hover-","14":"open-single-product-tab-horizontal","15":"open-shadow-","16":"open-shadow-hover-","18":"first","19":"instock","20":"shipping-taxable","21":"purchasable","22":"product-type-variable"},"jetpack_sharing_enabled":true,"_links":{"self":[{"href":"https:\/\/www.deporteseli.com\/index.php?rest_route=\/wp\/v2\/product\/70241","targetHints":{"allow":["GET"]}}],"collection":[{"href":"https:\/\/www.deporteseli.com\/index.php?rest_route=\/wp\/v2\/product"}],"about":[{"href":"https:\/\/www.deporteseli.com\/index.php?rest_route=\/wp\/v2\/types\/product"}],"wp:featuredmedia":[{"embeddable":true,"href":"https:\/\/www.deporteseli.com\/index.php?rest_route=\/wp\/v2\/media\/70244"}],"wp:attachment":[{"href":"https:\/\/www.deporteseli.com\/index.php?rest_route=%2Fwp%2Fv2%2Fmedia&parent=70241"}],"wp:term":[{"taxonomy":"product_brand","embeddable":true,"href":"https:\/\/www.deporteseli.com\/index.php?rest_route=%2Fwp%2Fv2%2Fproduct_brand&post=70241"},{"taxonomy":"product_cat","embeddable":true,"href":"https:\/\/www.deporteseli.com\/index.php?rest_route=%2Fwp%2Fv2%2Fproduct_cat&post=70241"},{"taxonomy":"product_tag","embeddable":true,"href":"https:\/\/www.deporteseli.com\/index.php?rest_route=%2Fwp%2Fv2%2Fproduct_tag&post=70241"}],"curies":[{"name":"wp","href":"https:\/\/api.w.org\/{rel}","templated":true}]}}