{"id":70181,"date":"2026-03-09T16:22:19","date_gmt":"2026-03-09T16:22:19","guid":{"rendered":"https:\/\/www.deporteseli.com\/?product=llavero-wilson-premier-padel"},"modified":"2026-04-22T04:18:18","modified_gmt":"2026-04-22T04:18:18","slug":"llavero-wilson-premier-padel","status":"publish","type":"product","link":"https:\/\/www.deporteseli.com\/?product=llavero-wilson-premier-padel","title":{"rendered":"LLAVERO WILSON PREMIER PADEL"},"content":{"rendered":"<p>Llavero de p\u00e1del Wilson Premier Padel Ball, ideal para aficionados que buscan un accesorio con dise\u00f1o realista para llevar su pasi\u00f3n a todas partes.                                                                                                                                                                                                                                                                                                                                                                                                                                                                                                                                                                                                                                                                                                                                                                                                                                                                                                                                                                                                                                        <\/p>\n","protected":false},"excerpt":{"rendered":"<p>LLAVERO WILSON PREMIER PADEL<\/p>\n","protected":false},"featured_media":70183,"template":"","meta":[],"product_brand":[],"product_cat":[353],"product_tag":[57],"class_list":{"0":"post-70181","1":"product","2":"type-product","3":"status-publish","4":"has-post-thumbnail","6":"product_cat-padel_y_tenis_palas","7":"product_tag-wilson","8":"pa_color-unico","9":"pa_talla-unica","10":"thunk-woo-product-list","11":"opn-qv-enable","12":"open-woo-hover-","13":"open-single-product-tab-horizontal","14":"open-shadow-","15":"open-shadow-hover-","17":"first","18":"instock","19":"shipping-taxable","20":"purchasable","21":"product-type-variable"},"jetpack_sharing_enabled":true,"_links":{"self":[{"href":"https:\/\/www.deporteseli.com\/index.php?rest_route=\/wp\/v2\/product\/70181","targetHints":{"allow":["GET"]}}],"collection":[{"href":"https:\/\/www.deporteseli.com\/index.php?rest_route=\/wp\/v2\/product"}],"about":[{"href":"https:\/\/www.deporteseli.com\/index.php?rest_route=\/wp\/v2\/types\/product"}],"wp:featuredmedia":[{"embeddable":true,"href":"https:\/\/www.deporteseli.com\/index.php?rest_route=\/wp\/v2\/media\/70183"}],"wp:attachment":[{"href":"https:\/\/www.deporteseli.com\/index.php?rest_route=%2Fwp%2Fv2%2Fmedia&parent=70181"}],"wp:term":[{"taxonomy":"product_brand","embeddable":true,"href":"https:\/\/www.deporteseli.com\/index.php?rest_route=%2Fwp%2Fv2%2Fproduct_brand&post=70181"},{"taxonomy":"product_cat","embeddable":true,"href":"https:\/\/www.deporteseli.com\/index.php?rest_route=%2Fwp%2Fv2%2Fproduct_cat&post=70181"},{"taxonomy":"product_tag","embeddable":true,"href":"https:\/\/www.deporteseli.com\/index.php?rest_route=%2Fwp%2Fv2%2Fproduct_tag&post=70181"}],"curies":[{"name":"wp","href":"https:\/\/api.w.org\/{rel}","templated":true}]}}