{"id":70175,"date":"2026-03-09T16:21:56","date_gmt":"2026-03-09T16:21:56","guid":{"rendered":"https:\/\/www.deporteseli.com\/?product=paletero-wilson-padel-team-negro"},"modified":"2026-04-18T04:20:33","modified_gmt":"2026-04-18T04:20:33","slug":"paletero-wilson-padel-team-negro","status":"publish","type":"product","link":"https:\/\/www.deporteseli.com\/?product=paletero-wilson-padel-team-negro","title":{"rendered":"PALETERO WILSON PADEL TEAM NEGRO"},"content":{"rendered":"<p>Paletero Wilson Team Padel 2025, resistencia y durabilidad  El paletero Wilson Team Padel 2025 en color negro combina amplitud y organizaci\u00f3n excepcional en un dise\u00f1o compacto de 56 \u00d7 32 \u00d7 28 cm. Su amplio compartimento principal permite almacenar y transportar con seguridad hasta 4 palas y ropa de cambio, mientras que el bolsillo independiente para calzado mantiene el resto del equipo limpio y libre de malos olores. Fabricado en tejido resistente 100% poli\u00e9ster.    Asimismo, tambi\u00e9n cuenta con un compartimento lateral con cremallera para guardar accesorios y objetos personales, mientras que el bolsillo frontal permite un acceso r\u00e1pido a llaves o m\u00f3viles. Las asas acolchadas y las correas ajustables ergon\u00f3micas ofrecen m\u00faltiples opciones de transporte para llevarlo como mochila o bandolera, distribuyendo el peso de forma equilibrada y evitando molestias durante el desplazamiento.    Detalles clave  Espacio multiusos: dise\u00f1ado para palas, ropa, calzado y accesorios  Bolsillo independiente: mantiene el orden y la higiene  Tejidos resistentes: nylon de alta densidad, repelente al agua y al desgaste  Asas ergon\u00f3micas: acolchadas y ajustables para mochila o bandolera  Bolsillos organizadores: compartimento frontal y lateral con cremallera  Estilo minimalista: acabado negro con logo Wilson                                                                                                                                                                                                                                                                                                                                                                                                                                                                                                                                                                                                                                                                                                                                                                                                                                                                                                                                                                                                                                        <\/p>\n","protected":false},"excerpt":{"rendered":"<p>PALETERO WILSON PADEL TEAM NEGRO<\/p>\n","protected":false},"featured_media":70177,"template":"","meta":[],"product_brand":[],"product_cat":[354],"product_tag":[57],"class_list":{"0":"post-70175","1":"product","2":"type-product","3":"status-publish","4":"has-post-thumbnail","6":"product_cat-padel_y_tenis_paleteros","7":"product_tag-wilson","8":"pa_color-unico","9":"pa_talla-unica","10":"thunk-woo-product-list","11":"opn-qv-enable","12":"open-woo-hover-","13":"open-single-product-tab-horizontal","14":"open-shadow-","15":"open-shadow-hover-","17":"first","18":"instock","19":"sale","20":"shipping-taxable","21":"purchasable","22":"product-type-variable"},"jetpack_sharing_enabled":true,"_links":{"self":[{"href":"https:\/\/www.deporteseli.com\/index.php?rest_route=\/wp\/v2\/product\/70175","targetHints":{"allow":["GET"]}}],"collection":[{"href":"https:\/\/www.deporteseli.com\/index.php?rest_route=\/wp\/v2\/product"}],"about":[{"href":"https:\/\/www.deporteseli.com\/index.php?rest_route=\/wp\/v2\/types\/product"}],"wp:featuredmedia":[{"embeddable":true,"href":"https:\/\/www.deporteseli.com\/index.php?rest_route=\/wp\/v2\/media\/70177"}],"wp:attachment":[{"href":"https:\/\/www.deporteseli.com\/index.php?rest_route=%2Fwp%2Fv2%2Fmedia&parent=70175"}],"wp:term":[{"taxonomy":"product_brand","embeddable":true,"href":"https:\/\/www.deporteseli.com\/index.php?rest_route=%2Fwp%2Fv2%2Fproduct_brand&post=70175"},{"taxonomy":"product_cat","embeddable":true,"href":"https:\/\/www.deporteseli.com\/index.php?rest_route=%2Fwp%2Fv2%2Fproduct_cat&post=70175"},{"taxonomy":"product_tag","embeddable":true,"href":"https:\/\/www.deporteseli.com\/index.php?rest_route=%2Fwp%2Fv2%2Fproduct_tag&post=70175"}],"curies":[{"name":"wp","href":"https:\/\/api.w.org\/{rel}","templated":true}]}}