{"id":70153,"date":"2026-03-09T16:19:44","date_gmt":"2026-03-09T16:19:44","guid":{"rendered":"https:\/\/www.deporteseli.com\/?product=pala-wilson-endure-v1"},"modified":"2026-04-18T04:20:27","modified_gmt":"2026-04-18T04:20:27","slug":"pala-wilson-endure-v1","status":"publish","type":"product","link":"https:\/\/www.deporteseli.com\/?product=pala-wilson-endure-v1","title":{"rendered":"PALA WILSON ENDURE V1"},"content":{"rendered":"<p>Los jugadores de p\u00e1del defensivos exigen una combinaci\u00f3n de control, precisi\u00f3n y maniobrabilidad para superar a sus oponentes en la pista. Dise\u00f1ada para jugadores de nivel intermedio y avanzado, la raqueta Wilson Endure V1 te ayuda a desarrollar un juego defensivo potente. Esta raqueta redonda ofrece un amplio punto dulce para una mayor consistencia, con una espuma densa que mejora la conexi\u00f3n con la pelota. La cara de carbono UD y el Exacttouch mejoran los efectos y el control direccional.  Tecnolog\u00eda y caracter\u00edsticas del p\u00e1del  Viga doble en Y, geometr\u00eda de control, espuma s\u00e1ndwich de control, longitud de mango extendida, puntos de contacto  Cara de carbono sin procesar, cara h\u00edbrida sin procesar                                                                                                                                                                                                                                                                                                                                                                                                                                                                                                                                                                                                                                                                                                                                                                                                                                                                                                                                                                                                                                        <\/p>\n","protected":false},"excerpt":{"rendered":"<p>PALA WILSON ENDURE V1<\/p>\n","protected":false},"featured_media":70155,"template":"","meta":[],"product_brand":[],"product_cat":[353],"product_tag":[57],"class_list":{"0":"post-70153","1":"product","2":"type-product","3":"status-publish","4":"has-post-thumbnail","6":"product_cat-padel_y_tenis_palas","7":"product_tag-wilson","8":"pa_color-unico","9":"pa_talla-unica","10":"thunk-woo-product-list","11":"opn-qv-enable","12":"open-woo-hover-","13":"open-single-product-tab-horizontal","14":"open-shadow-","15":"open-shadow-hover-","17":"first","18":"instock","19":"sale","20":"shipping-taxable","21":"purchasable","22":"product-type-variable"},"jetpack_sharing_enabled":true,"_links":{"self":[{"href":"https:\/\/www.deporteseli.com\/index.php?rest_route=\/wp\/v2\/product\/70153","targetHints":{"allow":["GET"]}}],"collection":[{"href":"https:\/\/www.deporteseli.com\/index.php?rest_route=\/wp\/v2\/product"}],"about":[{"href":"https:\/\/www.deporteseli.com\/index.php?rest_route=\/wp\/v2\/types\/product"}],"wp:featuredmedia":[{"embeddable":true,"href":"https:\/\/www.deporteseli.com\/index.php?rest_route=\/wp\/v2\/media\/70155"}],"wp:attachment":[{"href":"https:\/\/www.deporteseli.com\/index.php?rest_route=%2Fwp%2Fv2%2Fmedia&parent=70153"}],"wp:term":[{"taxonomy":"product_brand","embeddable":true,"href":"https:\/\/www.deporteseli.com\/index.php?rest_route=%2Fwp%2Fv2%2Fproduct_brand&post=70153"},{"taxonomy":"product_cat","embeddable":true,"href":"https:\/\/www.deporteseli.com\/index.php?rest_route=%2Fwp%2Fv2%2Fproduct_cat&post=70153"},{"taxonomy":"product_tag","embeddable":true,"href":"https:\/\/www.deporteseli.com\/index.php?rest_route=%2Fwp%2Fv2%2Fproduct_tag&post=70153"}],"curies":[{"name":"wp","href":"https:\/\/api.w.org\/{rel}","templated":true}]}}