{"id":70148,"date":"2026-03-09T16:18:58","date_gmt":"2026-03-09T16:18:58","guid":{"rendered":"https:\/\/www.deporteseli.com\/?product=opala-wilson-endure-pro"},"modified":"2026-04-18T04:20:25","modified_gmt":"2026-04-18T04:20:25","slug":"opala-wilson-endure-pro","status":"publish","type":"product","link":"https:\/\/www.deporteseli.com\/?product=opala-wilson-endure-pro","title":{"rendered":"OPALA WILSON ENDURE PRO"},"content":{"rendered":"<p>Descripci\u00f3n general   Dise\u00f1ada para jugadores de p\u00e1del competitivos y avanzados con un estilo de juego defensivo, la Endure Pro V1 de Wilson ofrece la combinaci\u00f3n perfecta de control, precisi\u00f3n y maniobrabilidad para superar a tus rivales en la pista. Esta pala redonda ofrece un amplio punto dulce para una mayor consistencia, con espuma de doble densidad que mejora la conexi\u00f3n con la bola para una mayor sensaci\u00f3n en los golpes de toque. La cara de carbono 3K facilita el efecto y el control direccional, para que puedas jugar con \u00e1ngulos y desequilibrar a tus rivales.  Tecnolog\u00eda y caracter\u00edsticas del p\u00e1del  Cara de carbono 3K, doble viga Y, geometr\u00eda de control, espuma s\u00e1ndwich de control, puntos de contacto  Cara de carbono en bruto, longitud de mango extendida                                                                                                                                                                                                                                                                                                                                                                                                                                                                                                                                                                                                                                                                                                                                                                                                                                                                                                                                                                                                                                        <\/p>\n","protected":false},"excerpt":{"rendered":"<p>OPALA WILSON ENDURE PRO<\/p>\n","protected":false},"featured_media":70150,"template":"","meta":[],"product_brand":[],"product_cat":[353],"product_tag":[57],"class_list":{"0":"post-70148","1":"product","2":"type-product","3":"status-publish","4":"has-post-thumbnail","6":"product_cat-padel_y_tenis_palas","7":"product_tag-wilson","8":"pa_color-unico","9":"pa_talla-unica","10":"thunk-woo-product-list","11":"opn-qv-enable","12":"open-woo-hover-","13":"open-single-product-tab-horizontal","14":"open-shadow-","15":"open-shadow-hover-","17":"first","18":"instock","19":"sale","20":"shipping-taxable","21":"purchasable","22":"product-type-variable"},"jetpack_sharing_enabled":true,"_links":{"self":[{"href":"https:\/\/www.deporteseli.com\/index.php?rest_route=\/wp\/v2\/product\/70148","targetHints":{"allow":["GET"]}}],"collection":[{"href":"https:\/\/www.deporteseli.com\/index.php?rest_route=\/wp\/v2\/product"}],"about":[{"href":"https:\/\/www.deporteseli.com\/index.php?rest_route=\/wp\/v2\/types\/product"}],"wp:featuredmedia":[{"embeddable":true,"href":"https:\/\/www.deporteseli.com\/index.php?rest_route=\/wp\/v2\/media\/70150"}],"wp:attachment":[{"href":"https:\/\/www.deporteseli.com\/index.php?rest_route=%2Fwp%2Fv2%2Fmedia&parent=70148"}],"wp:term":[{"taxonomy":"product_brand","embeddable":true,"href":"https:\/\/www.deporteseli.com\/index.php?rest_route=%2Fwp%2Fv2%2Fproduct_brand&post=70148"},{"taxonomy":"product_cat","embeddable":true,"href":"https:\/\/www.deporteseli.com\/index.php?rest_route=%2Fwp%2Fv2%2Fproduct_cat&post=70148"},{"taxonomy":"product_tag","embeddable":true,"href":"https:\/\/www.deporteseli.com\/index.php?rest_route=%2Fwp%2Fv2%2Fproduct_tag&post=70148"}],"curies":[{"name":"wp","href":"https:\/\/api.w.org\/{rel}","templated":true}]}}