{"id":66273,"date":"2026-03-06T20:02:46","date_gmt":"2026-03-06T20:02:46","guid":{"rendered":"https:\/\/www.deporteseli.com\/?product=camisa-under-1326413-400"},"modified":"2026-03-20T05:20:59","modified_gmt":"2026-03-20T05:20:59","slug":"camisa-under-1326413-400","status":"publish","type":"product","link":"https:\/\/www.deporteseli.com\/?product=camisa-under-1326413-400","title":{"rendered":"CAMISA UNDER 1326413-400"},"content":{"rendered":"<p>Under Armour Tech 2.0  La camiseta de entrenamiento de manga corta para hombre Under Armour Tech 2.0 con corte holgado es de secado m\u00e1s r\u00e1pido, s\u00faper c\u00f3moda y su acabado suave te proporciona una sensaci\u00f3n natural gracias a su revolucionario material. A ello contribuye la tecnolog\u00eda MTS, que favorece la evacuaci\u00f3n de la humedad en la superficie del material. Gracias a la tecnolog\u00eda Anti-Odor, que impide el crecimiento de las bacterias causantes del mal olor, te mantendr\u00e1s fresco durante m\u00e1s tiempo. Las tecnolog\u00edas utilizadas garantizan la m\u00e1xima comodidad y el corte con mangas ragl\u00e1n proporciona una movilidad extrema. Dise\u00f1o sencillo de Under Armour.                                                                                                                                                                                                                                                                                                                                                                                                                                                                                                                                                                                                                                                                                                                                                                                                                                                                                                                                                                                                                                        <\/p>\n","protected":false},"excerpt":{"rendered":"<p>CAMISA UNDER 1326413-400<\/p>\n","protected":false},"featured_media":66275,"template":"","meta":[],"product_brand":[],"product_cat":[245],"product_tag":[81],"class_list":{"0":"post-66273","1":"product","2":"type-product","3":"status-publish","4":"has-post-thumbnail","6":"product_cat-hombre_textil_camisetas","7":"product_tag-under_armour","8":"pa_color-unico","9":"pa_talla-l","10":"pa_talla-s","11":"pa_talla-xl","12":"thunk-woo-product-list","13":"opn-qv-enable","14":"open-woo-hover-","15":"open-single-product-tab-horizontal","16":"open-shadow-","17":"open-shadow-hover-","19":"first","20":"instock","21":"shipping-taxable","22":"purchasable","23":"product-type-variable"},"jetpack_sharing_enabled":true,"_links":{"self":[{"href":"https:\/\/www.deporteseli.com\/index.php?rest_route=\/wp\/v2\/product\/66273","targetHints":{"allow":["GET"]}}],"collection":[{"href":"https:\/\/www.deporteseli.com\/index.php?rest_route=\/wp\/v2\/product"}],"about":[{"href":"https:\/\/www.deporteseli.com\/index.php?rest_route=\/wp\/v2\/types\/product"}],"wp:featuredmedia":[{"embeddable":true,"href":"https:\/\/www.deporteseli.com\/index.php?rest_route=\/wp\/v2\/media\/66275"}],"wp:attachment":[{"href":"https:\/\/www.deporteseli.com\/index.php?rest_route=%2Fwp%2Fv2%2Fmedia&parent=66273"}],"wp:term":[{"taxonomy":"product_brand","embeddable":true,"href":"https:\/\/www.deporteseli.com\/index.php?rest_route=%2Fwp%2Fv2%2Fproduct_brand&post=66273"},{"taxonomy":"product_cat","embeddable":true,"href":"https:\/\/www.deporteseli.com\/index.php?rest_route=%2Fwp%2Fv2%2Fproduct_cat&post=66273"},{"taxonomy":"product_tag","embeddable":true,"href":"https:\/\/www.deporteseli.com\/index.php?rest_route=%2Fwp%2Fv2%2Fproduct_tag&post=66273"}],"curies":[{"name":"wp","href":"https:\/\/api.w.org\/{rel}","templated":true}]}}