{"id":66259,"date":"2026-03-06T19:23:13","date_gmt":"2026-03-06T19:23:13","guid":{"rendered":"https:\/\/www.deporteseli.com\/?product=top-under-armour-6011152-008"},"modified":"2026-04-18T04:20:24","modified_gmt":"2026-04-18T04:20:24","slug":"top-under-armour-6011152-008","status":"publish","type":"product","link":"https:\/\/www.deporteseli.com\/?product=top-under-armour-6011152-008","title":{"rendered":"TOP UNDER ARMOUR 6011152-008"},"content":{"rendered":"<p>Ajuste r\u00e1pido y f\u00e1cil en la parte delantera de las tirantes para un ajuste personalizado  Ofrece un soporte estrat\u00e9gico, adecuado para actividades que requieren un alto soporte como correr, deportes en interiores y deportes al aire libre  Espalda y laterales de malla para una m\u00e1xima transpirabilidad  sujetador deportivo HeatGear\u00ae de espalda cruzada alta para mujeres  Tejido spacer suave y liso en la parte delantera para soporte y cobertura con sensaci\u00f3n de compresi\u00f3n  Delante de triple grosor para cobertura, sin relleno  El material absorbe el sudor y se seca muy r\u00e1pidamente  Material el\u00e1stico en 4 direcciones para mejor movilidad en cada direcci\u00f3n  Dise\u00f1o de espalda con abertura tipo keyhole para f\u00e1cil colocaci\u00f3n y extracci\u00f3n, y banda inferior el\u00e1stica ultradura                                                                                                                                                                                                                                                                                                                                                                                                                                                                                                                                                                                                                                                                                                                                                                                                                                                                                                                                                                                                                                        <\/p>\n","protected":false},"excerpt":{"rendered":"<p>TOP UNDER ARMOUR 6011152-008<\/p>\n","protected":false},"featured_media":66264,"template":"","meta":[],"product_brand":[],"product_cat":[275],"product_tag":[81],"class_list":{"0":"post-66259","1":"product","2":"type-product","3":"status-publish","4":"has-post-thumbnail","6":"product_cat-mujer_textil_top","7":"product_tag-under_armour","8":"pa_color-unico","9":"pa_talla-l","10":"pa_talla-m","11":"pa_talla-s","12":"pa_talla-xs","13":"thunk-woo-product-list","14":"opn-qv-enable","15":"open-woo-hover-","16":"open-single-product-tab-horizontal","17":"open-shadow-","18":"open-shadow-hover-","20":"first","21":"instock","22":"shipping-taxable","23":"purchasable","24":"product-type-variable"},"jetpack_sharing_enabled":true,"_links":{"self":[{"href":"https:\/\/www.deporteseli.com\/index.php?rest_route=\/wp\/v2\/product\/66259","targetHints":{"allow":["GET"]}}],"collection":[{"href":"https:\/\/www.deporteseli.com\/index.php?rest_route=\/wp\/v2\/product"}],"about":[{"href":"https:\/\/www.deporteseli.com\/index.php?rest_route=\/wp\/v2\/types\/product"}],"wp:featuredmedia":[{"embeddable":true,"href":"https:\/\/www.deporteseli.com\/index.php?rest_route=\/wp\/v2\/media\/66264"}],"wp:attachment":[{"href":"https:\/\/www.deporteseli.com\/index.php?rest_route=%2Fwp%2Fv2%2Fmedia&parent=66259"}],"wp:term":[{"taxonomy":"product_brand","embeddable":true,"href":"https:\/\/www.deporteseli.com\/index.php?rest_route=%2Fwp%2Fv2%2Fproduct_brand&post=66259"},{"taxonomy":"product_cat","embeddable":true,"href":"https:\/\/www.deporteseli.com\/index.php?rest_route=%2Fwp%2Fv2%2Fproduct_cat&post=66259"},{"taxonomy":"product_tag","embeddable":true,"href":"https:\/\/www.deporteseli.com\/index.php?rest_route=%2Fwp%2Fv2%2Fproduct_tag&post=66259"}],"curies":[{"name":"wp","href":"https:\/\/api.w.org\/{rel}","templated":true}]}}