{"id":66253,"date":"2026-03-06T19:19:01","date_gmt":"2026-03-06T19:19:01","guid":{"rendered":"https:\/\/www.deporteseli.com\/?product=short-under-armour-6010725-019"},"modified":"2026-04-02T04:19:13","modified_gmt":"2026-04-02T04:19:13","slug":"short-under-armour-6010725-019","status":"publish","type":"product","link":"https:\/\/www.deporteseli.com\/?product=short-under-armour-6010725-019","title":{"rendered":"SHORT UNDER ARMOUR 6010725-019"},"content":{"rendered":"<p>Producto recomendado para estas actividades deportivas: competiciones en campo\/pista, levantamiento de pesas en el gimnasio, HIIT y entrenamiento  Producto para las siguientes condiciones meteorol\u00f3gicas: temperaturas c\u00e1lidas  Tejido HeatGear\u00ae suave, el\u00e1stico, superligero, transpirable y de secado r\u00e1pido  Material que capilariza el sudor y se seca r\u00e1pidamente  Confecci\u00f3n con material el\u00e1stico en 4 direcciones que permite una mayor movilidad en cualquier direcci\u00f3n  Refuerzo actualizado y costuras planas ergon\u00f3micas para proporcionar un ajuste c\u00f3modo y sin roces  Cintura el\u00e1stica visible con logotipo y sin costuras en la parte delantera para un look impecable y favorecedor  Tecnolog\u00eda de control de olores que reduce el olor                                                                                                                                                                                                                                                                                                                                                                                                                                                                                                                                                                                                                                                                                                                                                                                                                                                                                                                                                                                                                                        <\/p>\n","protected":false},"excerpt":{"rendered":"<p>SHORT UNDER ARMOUR 6010725-019<\/p>\n","protected":false},"featured_media":66257,"template":"","meta":[],"product_brand":[],"product_cat":[277],"product_tag":[81],"class_list":{"0":"post-66253","1":"product","2":"type-product","3":"status-publish","4":"has-post-thumbnail","6":"product_cat-mujer_textil_shorts","7":"product_tag-under_armour","8":"pa_color-unico","9":"pa_talla-m","10":"pa_talla-s","11":"pa_talla-xs","12":"thunk-woo-product-list","13":"opn-qv-enable","14":"open-woo-hover-","15":"open-single-product-tab-horizontal","16":"open-shadow-","17":"open-shadow-hover-","19":"first","20":"instock","21":"shipping-taxable","22":"purchasable","23":"product-type-variable"},"jetpack_sharing_enabled":true,"_links":{"self":[{"href":"https:\/\/www.deporteseli.com\/index.php?rest_route=\/wp\/v2\/product\/66253","targetHints":{"allow":["GET"]}}],"collection":[{"href":"https:\/\/www.deporteseli.com\/index.php?rest_route=\/wp\/v2\/product"}],"about":[{"href":"https:\/\/www.deporteseli.com\/index.php?rest_route=\/wp\/v2\/types\/product"}],"wp:featuredmedia":[{"embeddable":true,"href":"https:\/\/www.deporteseli.com\/index.php?rest_route=\/wp\/v2\/media\/66257"}],"wp:attachment":[{"href":"https:\/\/www.deporteseli.com\/index.php?rest_route=%2Fwp%2Fv2%2Fmedia&parent=66253"}],"wp:term":[{"taxonomy":"product_brand","embeddable":true,"href":"https:\/\/www.deporteseli.com\/index.php?rest_route=%2Fwp%2Fv2%2Fproduct_brand&post=66253"},{"taxonomy":"product_cat","embeddable":true,"href":"https:\/\/www.deporteseli.com\/index.php?rest_route=%2Fwp%2Fv2%2Fproduct_cat&post=66253"},{"taxonomy":"product_tag","embeddable":true,"href":"https:\/\/www.deporteseli.com\/index.php?rest_route=%2Fwp%2Fv2%2Fproduct_tag&post=66253"}],"curies":[{"name":"wp","href":"https:\/\/api.w.org\/{rel}","templated":true}]}}