{"id":66212,"date":"2026-03-06T11:37:44","date_gmt":"2026-03-06T11:37:44","guid":{"rendered":"https:\/\/www.deporteseli.com\/?product=pala-wilson-optix-v2-lite"},"modified":"2026-04-18T04:20:21","modified_gmt":"2026-04-18T04:20:21","slug":"pala-wilson-optix-v2-lite","status":"publish","type":"product","link":"https:\/\/www.deporteseli.com\/?product=pala-wilson-optix-v2-lite","title":{"rendered":"PALA WILSON OPTIX V2 LITE"},"content":{"rendered":"<p>La Optix V2 Lite de Wilson es una pala de p\u00e1del para principiantes, perfecta para entrenar, partidos amistosos y reuniones en el club. Es ligera y f\u00e1cil de manejar, lo que la convierte en una opci\u00f3n c\u00f3moda para jugadores que se inician en el p\u00e1del. Adem\u00e1s, es indulgente gracias a su amplio punto dulce y forma redonda. La cara de fibra de vidrio ofrece la combinaci\u00f3n perfecta de comodidad y respuesta, para que no pare el p\u00e1del (y los buenos momentos).                                                                                                                                                                                                                                                                                                                                                                                                                                                                                                                                                                                                                                                                                                                                                                                                                                                                                                                                                                                                                                        <\/p>\n","protected":false},"excerpt":{"rendered":"<p>PALA WILSON OPTIX V2 LITE<\/p>\n","protected":false},"featured_media":66214,"template":"","meta":[],"product_brand":[],"product_cat":[353],"product_tag":[57],"class_list":{"0":"post-66212","1":"product","2":"type-product","3":"status-publish","4":"has-post-thumbnail","6":"product_cat-padel_y_tenis_palas","7":"product_tag-wilson","8":"pa_color-unico","9":"pa_talla-unica","10":"thunk-woo-product-list","11":"opn-qv-enable","12":"open-woo-hover-","13":"open-single-product-tab-horizontal","14":"open-shadow-","15":"open-shadow-hover-","17":"first","18":"instock","19":"sale","20":"shipping-taxable","21":"purchasable","22":"product-type-variable"},"jetpack_sharing_enabled":true,"_links":{"self":[{"href":"https:\/\/www.deporteseli.com\/index.php?rest_route=\/wp\/v2\/product\/66212","targetHints":{"allow":["GET"]}}],"collection":[{"href":"https:\/\/www.deporteseli.com\/index.php?rest_route=\/wp\/v2\/product"}],"about":[{"href":"https:\/\/www.deporteseli.com\/index.php?rest_route=\/wp\/v2\/types\/product"}],"wp:featuredmedia":[{"embeddable":true,"href":"https:\/\/www.deporteseli.com\/index.php?rest_route=\/wp\/v2\/media\/66214"}],"wp:attachment":[{"href":"https:\/\/www.deporteseli.com\/index.php?rest_route=%2Fwp%2Fv2%2Fmedia&parent=66212"}],"wp:term":[{"taxonomy":"product_brand","embeddable":true,"href":"https:\/\/www.deporteseli.com\/index.php?rest_route=%2Fwp%2Fv2%2Fproduct_brand&post=66212"},{"taxonomy":"product_cat","embeddable":true,"href":"https:\/\/www.deporteseli.com\/index.php?rest_route=%2Fwp%2Fv2%2Fproduct_cat&post=66212"},{"taxonomy":"product_tag","embeddable":true,"href":"https:\/\/www.deporteseli.com\/index.php?rest_route=%2Fwp%2Fv2%2Fproduct_tag&post=66212"}],"curies":[{"name":"wp","href":"https:\/\/api.w.org\/{rel}","templated":true}]}}