{"id":66122,"date":"2026-03-05T19:12:52","date_gmt":"2026-03-05T19:12:52","guid":{"rendered":"https:\/\/www.deporteseli.com\/?product=tenis-under-armour-3027007-002"},"modified":"2026-03-07T06:53:01","modified_gmt":"2026-03-07T06:53:01","slug":"tenis-under-armour-3027007-002","status":"publish","type":"product","link":"https:\/\/www.deporteseli.com\/?product=tenis-under-armour-3027007-002","title":{"rendered":"TENIS UNDER ARMOUR 3027007-002"},"content":{"rendered":"<p>Parte superior de malla transpirable con revestimientos de material sint\u00e9tico para ofrecer m\u00e1s estructura y sujeci\u00f3n  Amortiguaci\u00f3n mejorada alrededor de la zona del tobillo para aportar una comodidad excelente  Plantilla con sistema de comodidad superior que se adapta al pie para ofrecer la comodidad definitiva  Mediasuela Charged Cushioning\u00ae que ofrece reactividad, durabilidad y comodidad durante todo el d\u00eda  Suela exterior de goma duradera que proporciona tracci\u00f3n, resistencia y flexibilidad donde las necesitas durante el despegue                                                                                                                                                                                                                                                                                                                                                                                                                                                                                                                                                                                                                                                                                                                                                                                                                                                                                                                                                                                                                                        <\/p>\n","protected":false},"excerpt":{"rendered":"<p>TENIS UNDER ARMOUR 3027007-002<\/p>\n","protected":false},"featured_media":66133,"template":"","meta":[],"product_brand":[],"product_cat":[285],"product_tag":[81],"class_list":{"0":"post-66122","1":"product","2":"type-product","3":"status-publish","4":"has-post-thumbnail","6":"product_cat-mujer_calzado_running","7":"product_tag-under_armour","8":"pa_color-unico","9":"pa_talla-141","10":"pa_talla-36-5","11":"pa_talla-143","12":"pa_talla-37-5","13":"pa_talla-145","14":"pa_talla-38-5","15":"pa_talla-147","16":"pa_talla-149","17":"pa_talla-40-5","18":"pa_talla-151","19":"thunk-woo-product-list","20":"opn-qv-enable","21":"open-woo-hover-","22":"open-single-product-tab-horizontal","23":"open-shadow-","24":"open-shadow-hover-","26":"first","27":"instock","28":"shipping-taxable","29":"purchasable","30":"product-type-variable"},"jetpack_sharing_enabled":true,"_links":{"self":[{"href":"https:\/\/www.deporteseli.com\/index.php?rest_route=\/wp\/v2\/product\/66122","targetHints":{"allow":["GET"]}}],"collection":[{"href":"https:\/\/www.deporteseli.com\/index.php?rest_route=\/wp\/v2\/product"}],"about":[{"href":"https:\/\/www.deporteseli.com\/index.php?rest_route=\/wp\/v2\/types\/product"}],"wp:featuredmedia":[{"embeddable":true,"href":"https:\/\/www.deporteseli.com\/index.php?rest_route=\/wp\/v2\/media\/66133"}],"wp:attachment":[{"href":"https:\/\/www.deporteseli.com\/index.php?rest_route=%2Fwp%2Fv2%2Fmedia&parent=66122"}],"wp:term":[{"taxonomy":"product_brand","embeddable":true,"href":"https:\/\/www.deporteseli.com\/index.php?rest_route=%2Fwp%2Fv2%2Fproduct_brand&post=66122"},{"taxonomy":"product_cat","embeddable":true,"href":"https:\/\/www.deporteseli.com\/index.php?rest_route=%2Fwp%2Fv2%2Fproduct_cat&post=66122"},{"taxonomy":"product_tag","embeddable":true,"href":"https:\/\/www.deporteseli.com\/index.php?rest_route=%2Fwp%2Fv2%2Fproduct_tag&post=66122"}],"curies":[{"name":"wp","href":"https:\/\/api.w.org\/{rel}","templated":true}]}}