{"id":66088,"date":"2026-03-05T19:10:55","date_gmt":"2026-03-05T19:10:55","guid":{"rendered":"https:\/\/www.deporteseli.com\/?product=short-under-armour-1383356-011"},"modified":"2026-03-05T19:11:01","modified_gmt":"2026-03-05T19:11:01","slug":"short-under-armour-1383356-011","status":"publish","type":"product","link":"https:\/\/www.deporteseli.com\/?product=short-under-armour-1383356-011","title":{"rendered":"SHORT UNDER ARMOUR 1383356-011"},"content":{"rendered":"<p>Tejido ligero para una comodidad y durabilidad superiores  Material que capilariza el sudor y se seca r\u00e1pidamente  Cintura el\u00e1stica con revestimiento y cord\u00f3n interior  Bolsillos laterales abiertos  Bajo con abertura lateral  Tejido principal que contiene, al menos, un 90 % de poli\u00e9ster reciclado, sin incluir ribetes ni adornos                                                                                                                                                                                                                                                                                                                                                                                                                                                                                                                                                                                                                                                                                                                                                                                                                                                                                                                                                                                                                                        <\/p>\n","protected":false},"excerpt":{"rendered":"<p>SHORT UNDER ARMOUR 1383356-011<\/p>\n","protected":false},"featured_media":66093,"template":"","meta":[],"product_brand":[],"product_cat":[251],"product_tag":[81],"class_list":{"0":"post-66088","1":"product","2":"type-product","3":"status-publish","4":"has-post-thumbnail","6":"product_cat-hombre_textil_shorts","7":"product_tag-under_armour","8":"pa_color-unico","9":"pa_talla-l","10":"pa_talla-m","11":"pa_talla-s","12":"pa_talla-xl","13":"thunk-woo-product-list","14":"opn-qv-enable","15":"open-woo-hover-","16":"open-single-product-tab-horizontal","17":"open-shadow-","18":"open-shadow-hover-","20":"first","21":"instock","22":"shipping-taxable","23":"purchasable","24":"product-type-variable"},"jetpack_sharing_enabled":true,"_links":{"self":[{"href":"https:\/\/www.deporteseli.com\/index.php?rest_route=\/wp\/v2\/product\/66088","targetHints":{"allow":["GET"]}}],"collection":[{"href":"https:\/\/www.deporteseli.com\/index.php?rest_route=\/wp\/v2\/product"}],"about":[{"href":"https:\/\/www.deporteseli.com\/index.php?rest_route=\/wp\/v2\/types\/product"}],"wp:featuredmedia":[{"embeddable":true,"href":"https:\/\/www.deporteseli.com\/index.php?rest_route=\/wp\/v2\/media\/66093"}],"wp:attachment":[{"href":"https:\/\/www.deporteseli.com\/index.php?rest_route=%2Fwp%2Fv2%2Fmedia&parent=66088"}],"wp:term":[{"taxonomy":"product_brand","embeddable":true,"href":"https:\/\/www.deporteseli.com\/index.php?rest_route=%2Fwp%2Fv2%2Fproduct_brand&post=66088"},{"taxonomy":"product_cat","embeddable":true,"href":"https:\/\/www.deporteseli.com\/index.php?rest_route=%2Fwp%2Fv2%2Fproduct_cat&post=66088"},{"taxonomy":"product_tag","embeddable":true,"href":"https:\/\/www.deporteseli.com\/index.php?rest_route=%2Fwp%2Fv2%2Fproduct_tag&post=66088"}],"curies":[{"name":"wp","href":"https:\/\/api.w.org\/{rel}","templated":true}]}}