{"id":66044,"date":"2026-03-05T19:07:52","date_gmt":"2026-03-05T19:07:52","guid":{"rendered":"https:\/\/www.deporteseli.com\/?product=gorra-under-armour-1376700-410"},"modified":"2026-03-05T19:07:54","modified_gmt":"2026-03-05T19:07:54","slug":"gorra-under-armour-1376700-410","status":"publish","type":"product","link":"https:\/\/www.deporteseli.com\/?product=gorra-under-armour-1376700-410","title":{"rendered":"GORRA UNDER ARMOUR 1376700-410"},"content":{"rendered":"<p>Tejido de punto transpirable y texturizado que ofrece suavidad y comodidad durante todo el d\u00eda  Banda transpirable el\u00e1stica incorporada que capilariza el sudor y mantiene la sensaci\u00f3n de frescura y la transpirabilidad  Dise\u00f1o el\u00e1stico que proporciona un ajuste c\u00f3modo  Logotipos bordados                                                                                                                                                                                                                                                                                                                                                                                                                                                                                                                                                                                                                                                                                                                                                                                                                                                                                                                                                                                                                                        <\/p>\n","protected":false},"excerpt":{"rendered":"<p>GORRA UNDER ARMOUR 1376700-410<\/p>\n","protected":false},"featured_media":66046,"template":"","meta":[],"product_brand":[],"product_cat":[399],"product_tag":[81],"class_list":{"0":"post-66044","1":"product","2":"type-product","3":"status-publish","4":"has-post-thumbnail","6":"product_cat-accesorios_gorras","7":"product_tag-under_armour","8":"pa_color-unico","9":"pa_talla-unica","10":"thunk-woo-product-list","11":"opn-qv-enable","12":"open-woo-hover-","13":"open-single-product-tab-horizontal","14":"open-shadow-","15":"open-shadow-hover-","17":"first","18":"instock","19":"shipping-taxable","20":"purchasable","21":"product-type-variable"},"jetpack_sharing_enabled":true,"_links":{"self":[{"href":"https:\/\/www.deporteseli.com\/index.php?rest_route=\/wp\/v2\/product\/66044","targetHints":{"allow":["GET"]}}],"collection":[{"href":"https:\/\/www.deporteseli.com\/index.php?rest_route=\/wp\/v2\/product"}],"about":[{"href":"https:\/\/www.deporteseli.com\/index.php?rest_route=\/wp\/v2\/types\/product"}],"wp:featuredmedia":[{"embeddable":true,"href":"https:\/\/www.deporteseli.com\/index.php?rest_route=\/wp\/v2\/media\/66046"}],"wp:attachment":[{"href":"https:\/\/www.deporteseli.com\/index.php?rest_route=%2Fwp%2Fv2%2Fmedia&parent=66044"}],"wp:term":[{"taxonomy":"product_brand","embeddable":true,"href":"https:\/\/www.deporteseli.com\/index.php?rest_route=%2Fwp%2Fv2%2Fproduct_brand&post=66044"},{"taxonomy":"product_cat","embeddable":true,"href":"https:\/\/www.deporteseli.com\/index.php?rest_route=%2Fwp%2Fv2%2Fproduct_cat&post=66044"},{"taxonomy":"product_tag","embeddable":true,"href":"https:\/\/www.deporteseli.com\/index.php?rest_route=%2Fwp%2Fv2%2Fproduct_tag&post=66044"}],"curies":[{"name":"wp","href":"https:\/\/api.w.org\/{rel}","templated":true}]}}