{"id":66003,"date":"2026-03-05T10:16:36","date_gmt":"2026-03-05T10:16:36","guid":{"rendered":"https:\/\/www.deporteseli.com\/?product=malla-adidas-kb6983"},"modified":"2026-03-05T10:16:43","modified_gmt":"2026-03-05T10:16:43","slug":"malla-adidas-kb6983","status":"publish","type":"product","link":"https:\/\/www.deporteseli.com\/?product=malla-adidas-kb6983","title":{"rendered":"MALLA ADIDAS KB6983"},"content":{"rendered":"<p>Los Leggings Seasonals Animal de adidas est\u00e1n dise\u00f1ados pensando en las j\u00f3venes aventureras. Estos leggings combinan la comodidad diaria con un toque divertido gracias a sus detalles de animales. Dise\u00f1ados para ni\u00f1as que aman expresarse, estos leggings se ajustan perfectamente y se estiran para adaptarse al movimiento y al juego. La cintura totalmente el\u00e1stica garantiza un ajuste seguro y c\u00f3modo, haci\u00e9ndolos perfectos para cualquier actividad.  Confeccionados con un tejido de punto liso, estos leggings ofrecen un tacto suave. La mezcla de algod\u00f3n y elastano proporciona transpirabilidad y flexibilidad, ideales para d\u00edas activos. Su corte de tiro medio ofrece cobertura y estilo equilibrados, lo que permite combinarlos f\u00e1cilmente con otras prendas favoritas.  Con un dise\u00f1o inspirado en siluetas esenciales, los Leggings Seasonals Animal forman parte del compromiso de adidas de crear prendas vers\u00e1tiles que se adaptan a la perfecci\u00f3n al d\u00eda a d\u00eda. Deja que tu hijo\/a salga con confianza y estilo, ya sea en la escuela, en el parque o simplemente relaj\u00e1ndose en casa.                                                                                                                                                                                                                                                                                                                                                                                                                                                                                                                                                                                                                                                                                                                                                                                                                                                                                                                                                                                                                                        <\/p>\n","protected":false},"excerpt":{"rendered":"<p>MALLA ADIDAS KB6983<\/p>\n","protected":false},"featured_media":66008,"template":"","meta":[],"product_brand":[],"product_cat":[386],"product_tag":[18],"class_list":{"0":"post-66003","1":"product","2":"type-product","3":"status-publish","4":"has-post-thumbnail","6":"product_cat-ninas_textil_mallas","7":"product_tag-adidas","8":"pa_color-unico","9":"pa_talla-t-10","10":"pa_talla-t-12","11":"pa_talla-t-14","12":"pa_talla-t-16","13":"thunk-woo-product-list","14":"opn-qv-enable","15":"open-woo-hover-","16":"open-single-product-tab-horizontal","17":"open-shadow-","18":"open-shadow-hover-","20":"first","21":"instock","22":"shipping-taxable","23":"purchasable","24":"product-type-variable"},"jetpack_sharing_enabled":true,"_links":{"self":[{"href":"https:\/\/www.deporteseli.com\/index.php?rest_route=\/wp\/v2\/product\/66003","targetHints":{"allow":["GET"]}}],"collection":[{"href":"https:\/\/www.deporteseli.com\/index.php?rest_route=\/wp\/v2\/product"}],"about":[{"href":"https:\/\/www.deporteseli.com\/index.php?rest_route=\/wp\/v2\/types\/product"}],"wp:featuredmedia":[{"embeddable":true,"href":"https:\/\/www.deporteseli.com\/index.php?rest_route=\/wp\/v2\/media\/66008"}],"wp:attachment":[{"href":"https:\/\/www.deporteseli.com\/index.php?rest_route=%2Fwp%2Fv2%2Fmedia&parent=66003"}],"wp:term":[{"taxonomy":"product_brand","embeddable":true,"href":"https:\/\/www.deporteseli.com\/index.php?rest_route=%2Fwp%2Fv2%2Fproduct_brand&post=66003"},{"taxonomy":"product_cat","embeddable":true,"href":"https:\/\/www.deporteseli.com\/index.php?rest_route=%2Fwp%2Fv2%2Fproduct_cat&post=66003"},{"taxonomy":"product_tag","embeddable":true,"href":"https:\/\/www.deporteseli.com\/index.php?rest_route=%2Fwp%2Fv2%2Fproduct_tag&post=66003"}],"curies":[{"name":"wp","href":"https:\/\/api.w.org\/{rel}","templated":true}]}}