{"id":65855,"date":"2026-03-04T12:29:42","date_gmt":"2026-03-04T12:29:42","guid":{"rendered":"https:\/\/www.deporteseli.com\/?product=cholas-adidas-js2496"},"modified":"2026-03-04T12:29:56","modified_gmt":"2026-03-04T12:29:56","slug":"cholas-adidas-js2496","status":"publish","type":"product","link":"https:\/\/www.deporteseli.com\/?product=cholas-adidas-js2496","title":{"rendered":"CHOLAS ADIDAS JS2496"},"content":{"rendered":"<p>La autenticidad del original  Esta chancla adidas es perfecta para que tu peque disfrute del verano con estilo. Su dise\u00f1o moldeado de una sola pieza le permite pon\u00e9rsela y quit\u00e1rsela f\u00e1cilmente, ya sea para jugar con los aspersores en el jard\u00edn o para chapotear en el mar. Presenta un material de secado r\u00e1pido apto para la ducha y cuenta con una plantilla acolchada que ofrece una pisada m\u00e1s c\u00f3moda.                                                                                                                                                                                                                                                                                                                                                                                                                                                                                                                                                                                                                                                                                                                                                                                                                                                                                                                                                                                                                                        <\/p>\n","protected":false},"excerpt":{"rendered":"<p>CHOLAS ADIDAS JS2496<\/p>\n","protected":false},"featured_media":65866,"template":"","meta":[],"product_brand":[],"product_cat":[314],"product_tag":[18],"class_list":{"0":"post-65855","1":"product","2":"type-product","3":"status-publish","4":"has-post-thumbnail","6":"product_cat-nino_calzado_cholas","7":"product_tag-adidas","8":"pa_color-unico","9":"pa_talla-127","10":"pa_talla-129","11":"pa_talla-131","12":"pa_talla-133","13":"pa_talla-135","14":"pa_talla-137","15":"pa_talla-139","16":"pa_talla-141","17":"pa_talla-143","18":"pa_talla-145","19":"thunk-woo-product-list","20":"opn-qv-enable","21":"open-woo-hover-","22":"open-single-product-tab-horizontal","23":"open-shadow-","24":"open-shadow-hover-","26":"first","27":"instock","28":"shipping-taxable","29":"purchasable","30":"product-type-variable"},"jetpack_sharing_enabled":true,"_links":{"self":[{"href":"https:\/\/www.deporteseli.com\/index.php?rest_route=\/wp\/v2\/product\/65855","targetHints":{"allow":["GET"]}}],"collection":[{"href":"https:\/\/www.deporteseli.com\/index.php?rest_route=\/wp\/v2\/product"}],"about":[{"href":"https:\/\/www.deporteseli.com\/index.php?rest_route=\/wp\/v2\/types\/product"}],"wp:featuredmedia":[{"embeddable":true,"href":"https:\/\/www.deporteseli.com\/index.php?rest_route=\/wp\/v2\/media\/65866"}],"wp:attachment":[{"href":"https:\/\/www.deporteseli.com\/index.php?rest_route=%2Fwp%2Fv2%2Fmedia&parent=65855"}],"wp:term":[{"taxonomy":"product_brand","embeddable":true,"href":"https:\/\/www.deporteseli.com\/index.php?rest_route=%2Fwp%2Fv2%2Fproduct_brand&post=65855"},{"taxonomy":"product_cat","embeddable":true,"href":"https:\/\/www.deporteseli.com\/index.php?rest_route=%2Fwp%2Fv2%2Fproduct_cat&post=65855"},{"taxonomy":"product_tag","embeddable":true,"href":"https:\/\/www.deporteseli.com\/index.php?rest_route=%2Fwp%2Fv2%2Fproduct_tag&post=65855"}],"curies":[{"name":"wp","href":"https:\/\/api.w.org\/{rel}","templated":true}]}}