{"id":65447,"date":"2026-02-26T18:38:08","date_gmt":"2026-02-26T18:38:08","guid":{"rendered":"https:\/\/www.deporteseli.com\/?product=tenis-adidas-jq1844-26"},"modified":"2026-03-29T04:18:44","modified_gmt":"2026-03-29T04:18:44","slug":"tenis-adidas-jq1844-26","status":"publish","type":"product","link":"https:\/\/www.deporteseli.com\/?product=tenis-adidas-jq1844-26","title":{"rendered":"TENIS ADIDAS JQ1844\/26"},"content":{"rendered":"<p>Zapatillas Tensaur Sport 3.0 CF K  Zapatillas deportivas de aspecto cl\u00e1sico con suela de goma para mayor agarre.  Mantenga a los ni\u00f1os activos c\u00f3modos y con sujeci\u00f3n con las zapatillas Tensaur Sport 3.0 CF K. Estas zapatillas est\u00e1n dise\u00f1adas para las aventuras diarias, con un cierre de velcro de dos correas totalmente ajustable que facilita que los ni\u00f1os se las pongan y se las quiten por s\u00ed solos. La suela de goma antihuellas proporciona agarre tanto para actividades en interiores como en exteriores. Ya sea para correr en el parque o explorar el jard\u00edn, estas zapatillas son ideales para diversas actividades y superficies. Dise\u00f1adas con estilo y practicidad, estas zapatillas f\u00e1ciles de usar est\u00e1n dise\u00f1adas para seguir el ritmo de ni\u00f1os activos y padres ocupados.                                                                                                                                                                                                                                                                                                                                                                                                                                                                                                                                                                                                                                                                                                                                                                                                                                                                                                                                                                                                                                        <\/p>\n","protected":false},"excerpt":{"rendered":"<p>TENIS ADIDAS JQ1844\/26<\/p>\n","protected":false},"featured_media":65459,"template":"","meta":[],"product_brand":[],"product_cat":[392],"product_tag":[21],"class_list":{"0":"post-65447","1":"product","2":"type-product","3":"status-publish","4":"has-post-thumbnail","6":"product_cat-ninas_calzado_casual","7":"product_tag-bull_padel","8":"pa_color-unico","9":"pa_talla-125","10":"pa_talla-127","11":"pa_talla-129","12":"pa_talla-131","13":"pa_talla-133","14":"pa_talla-135","15":"pa_talla-137","16":"pa_talla-139","17":"pa_talla-35-5","18":"pa_talla-141","19":"pa_talla-36-5","20":"thunk-woo-product-list","21":"opn-qv-enable","22":"open-woo-hover-","23":"open-single-product-tab-horizontal","24":"open-shadow-","25":"open-shadow-hover-","27":"first","28":"instock","29":"shipping-taxable","30":"purchasable","31":"product-type-variable"},"jetpack_sharing_enabled":true,"_links":{"self":[{"href":"https:\/\/www.deporteseli.com\/index.php?rest_route=\/wp\/v2\/product\/65447","targetHints":{"allow":["GET"]}}],"collection":[{"href":"https:\/\/www.deporteseli.com\/index.php?rest_route=\/wp\/v2\/product"}],"about":[{"href":"https:\/\/www.deporteseli.com\/index.php?rest_route=\/wp\/v2\/types\/product"}],"wp:featuredmedia":[{"embeddable":true,"href":"https:\/\/www.deporteseli.com\/index.php?rest_route=\/wp\/v2\/media\/65459"}],"wp:attachment":[{"href":"https:\/\/www.deporteseli.com\/index.php?rest_route=%2Fwp%2Fv2%2Fmedia&parent=65447"}],"wp:term":[{"taxonomy":"product_brand","embeddable":true,"href":"https:\/\/www.deporteseli.com\/index.php?rest_route=%2Fwp%2Fv2%2Fproduct_brand&post=65447"},{"taxonomy":"product_cat","embeddable":true,"href":"https:\/\/www.deporteseli.com\/index.php?rest_route=%2Fwp%2Fv2%2Fproduct_cat&post=65447"},{"taxonomy":"product_tag","embeddable":true,"href":"https:\/\/www.deporteseli.com\/index.php?rest_route=%2Fwp%2Fv2%2Fproduct_tag&post=65447"}],"curies":[{"name":"wp","href":"https:\/\/api.w.org\/{rel}","templated":true}]}}