{"id":65440,"date":"2026-02-26T18:37:42","date_gmt":"2026-02-26T18:37:42","guid":{"rendered":"https:\/\/www.deporteseli.com\/?product=cholas-adidas-ih8999"},"modified":"2026-03-10T05:25:28","modified_gmt":"2026-03-10T05:25:28","slug":"cholas-adidas-ih8999","status":"publish","type":"product","link":"https:\/\/www.deporteseli.com\/?product=cholas-adidas-ih8999","title":{"rendered":"CHOLAS ADIDAS IH8999"},"content":{"rendered":"<p>Descripci\u00f3n  Un estilo ic\u00f3nico para superficies resbaladizas. Esta chancla de secado r\u00e1pido presenta una banda superior con las cl\u00e1sicas 3 bandas. La plantilla moldeada te ofrece una comodidad total al entrar y salir de la ducha.                                                                                                                                                                                                                                                                                                                                                                                                                                                                                                                                                                                                                                                                                                                                                                                                                                                                                                                                                                                                                                        <\/p>\n","protected":false},"excerpt":{"rendered":"<p>CHOLAS ADIDAS IH8999<\/p>\n","protected":false},"featured_media":65445,"template":"","meta":[],"product_brand":[],"product_cat":[291],"product_tag":[18],"class_list":{"0":"post-65440","1":"product","2":"type-product","3":"status-publish","4":"has-post-thumbnail","6":"product_cat-mujer_calzado_cholas","7":"product_tag-adidas","8":"pa_color-unico","9":"pa_talla-143","10":"pa_talla-145","11":"pa_talla-147","12":"pa_talla-149","13":"thunk-woo-product-list","14":"opn-qv-enable","15":"open-woo-hover-","16":"open-single-product-tab-horizontal","17":"open-shadow-","18":"open-shadow-hover-","20":"first","21":"instock","22":"shipping-taxable","23":"purchasable","24":"product-type-variable"},"jetpack_sharing_enabled":true,"_links":{"self":[{"href":"https:\/\/www.deporteseli.com\/index.php?rest_route=\/wp\/v2\/product\/65440","targetHints":{"allow":["GET"]}}],"collection":[{"href":"https:\/\/www.deporteseli.com\/index.php?rest_route=\/wp\/v2\/product"}],"about":[{"href":"https:\/\/www.deporteseli.com\/index.php?rest_route=\/wp\/v2\/types\/product"}],"wp:featuredmedia":[{"embeddable":true,"href":"https:\/\/www.deporteseli.com\/index.php?rest_route=\/wp\/v2\/media\/65445"}],"wp:attachment":[{"href":"https:\/\/www.deporteseli.com\/index.php?rest_route=%2Fwp%2Fv2%2Fmedia&parent=65440"}],"wp:term":[{"taxonomy":"product_brand","embeddable":true,"href":"https:\/\/www.deporteseli.com\/index.php?rest_route=%2Fwp%2Fv2%2Fproduct_brand&post=65440"},{"taxonomy":"product_cat","embeddable":true,"href":"https:\/\/www.deporteseli.com\/index.php?rest_route=%2Fwp%2Fv2%2Fproduct_cat&post=65440"},{"taxonomy":"product_tag","embeddable":true,"href":"https:\/\/www.deporteseli.com\/index.php?rest_route=%2Fwp%2Fv2%2Fproduct_tag&post=65440"}],"curies":[{"name":"wp","href":"https:\/\/api.w.org\/{rel}","templated":true}]}}