{"id":65417,"date":"2026-02-26T12:38:35","date_gmt":"2026-02-26T12:38:35","guid":{"rendered":"https:\/\/www.deporteseli.com\/?product=protector-bull-frame-guard-005"},"modified":"2026-04-18T04:20:18","modified_gmt":"2026-04-18T04:20:18","slug":"protector-bull-frame-guard-005","status":"publish","type":"product","link":"https:\/\/www.deporteseli.com\/?product=protector-bull-frame-guard-005","title":{"rendered":"PROTECTOR BULL FRAME GUARD 005"},"content":{"rendered":"<p>Protector Bullpadel Frame Guard Negro 3 Unidades REF: 495160-005 EAN: 8447552011702 Dise\u00f1ado para jugadores que entrenan o compiten con regularidad, este protector ofrece una defensa s\u00f3lida y duradera para el marco de tu pala. Caracter\u00edsticas principales y tecnolog\u00edas Poliuretano resistente: mayor durabilidad ante impactos. Textura rugosa de alta densidad: protecci\u00f3n extra frente a ara\u00f1azos y desgaste. Compatibilidad universal: instalaci\u00f3n f\u00e1cil en cualquier pala. Adherencia segura: se mantiene firme incluso con uso intensivo. Conclusi\u00f3n El Bullpadel Frame Guard Negro es una soluci\u00f3n pr\u00e1ctica, ligera y eficaz para prolongar la vida \u00fatil de tu pala, manteniendo su marco protegido en cada entrenamiento y competici\u00f3n.                                                                                                                                                                                                                                                                                                                                                                                                                                                                                                                                                                                                                                                                                                                                                                                                                                                                                                                                                                                                                                        <\/p>\n","protected":false},"excerpt":{"rendered":"<p>PROTECTOR BULL FRAME GUARD 005<\/p>\n","protected":false},"featured_media":65419,"template":"","meta":[],"product_brand":[],"product_cat":[359],"product_tag":[21],"class_list":{"0":"post-65417","1":"product","2":"type-product","3":"status-publish","4":"has-post-thumbnail","6":"product_cat-padel_y_tenis_protectores","7":"product_tag-bull_padel","8":"pa_color-unico","9":"pa_talla-unica","10":"thunk-woo-product-list","11":"opn-qv-enable","12":"open-woo-hover-","13":"open-single-product-tab-horizontal","14":"open-shadow-","15":"open-shadow-hover-","17":"first","18":"instock","19":"shipping-taxable","20":"purchasable","21":"product-type-variable"},"jetpack_sharing_enabled":true,"_links":{"self":[{"href":"https:\/\/www.deporteseli.com\/index.php?rest_route=\/wp\/v2\/product\/65417","targetHints":{"allow":["GET"]}}],"collection":[{"href":"https:\/\/www.deporteseli.com\/index.php?rest_route=\/wp\/v2\/product"}],"about":[{"href":"https:\/\/www.deporteseli.com\/index.php?rest_route=\/wp\/v2\/types\/product"}],"wp:featuredmedia":[{"embeddable":true,"href":"https:\/\/www.deporteseli.com\/index.php?rest_route=\/wp\/v2\/media\/65419"}],"wp:attachment":[{"href":"https:\/\/www.deporteseli.com\/index.php?rest_route=%2Fwp%2Fv2%2Fmedia&parent=65417"}],"wp:term":[{"taxonomy":"product_brand","embeddable":true,"href":"https:\/\/www.deporteseli.com\/index.php?rest_route=%2Fwp%2Fv2%2Fproduct_brand&post=65417"},{"taxonomy":"product_cat","embeddable":true,"href":"https:\/\/www.deporteseli.com\/index.php?rest_route=%2Fwp%2Fv2%2Fproduct_cat&post=65417"},{"taxonomy":"product_tag","embeddable":true,"href":"https:\/\/www.deporteseli.com\/index.php?rest_route=%2Fwp%2Fv2%2Fproduct_tag&post=65417"}],"curies":[{"name":"wp","href":"https:\/\/api.w.org\/{rel}","templated":true}]}}