{"id":65398,"date":"2026-02-26T12:37:24","date_gmt":"2026-02-26T12:37:24","guid":{"rendered":"https:\/\/www.deporteseli.com\/?product=camisa-j-smith-brove-012"},"modified":"2026-03-18T05:20:06","modified_gmt":"2026-03-18T05:20:06","slug":"camisa-j-smith-brove-012","status":"publish","type":"product","link":"https:\/\/www.deporteseli.com\/?product=camisa-j-smith-brove-012","title":{"rendered":"CAMISA J.SMITH BROVE-012"},"content":{"rendered":"<p>Camiseta de manga corta de alto rendimiento. Dise\u00f1o con cuello a la caja y frontal sublimado que aporta un acabado moderno y deportivo. Incorpora logo reflectante en la manga para un extra de visibilidad, junto a un dise\u00f1o ligero y funcional pensado para el uso deportivo. Confeccionada en tejido de poli\u00e9ster, integra la tecnolog\u00eda de secado r\u00e1pido Quickerdry, basada en microfilamentos que reducen la humedad y favorecen la transpiraci\u00f3n, manteniendo la prenda seca y c\u00f3moda durante la actividad f\u00edsica.                                                                                                                                                                                                                                                                                                                                                                                                                                                                                                                                                                                                                                                                                                                                                                                                                                                                                                                                                                                                                                        <\/p>\n","protected":false},"excerpt":{"rendered":"<p>CAMISA J.SMITH BROVE-012<\/p>\n","protected":false},"featured_media":65403,"template":"","meta":[],"product_brand":[],"product_cat":[364],"product_tag":[43],"class_list":{"0":"post-65398","1":"product","2":"type-product","3":"status-publish","4":"has-post-thumbnail","6":"product_cat-padel_y_tenis_textil_camisas","7":"product_tag-jhon_smith","8":"pa_color-unico","9":"pa_talla-l","10":"pa_talla-m","11":"pa_talla-s","12":"pa_talla-xl","13":"thunk-woo-product-list","14":"opn-qv-enable","15":"open-woo-hover-","16":"open-single-product-tab-horizontal","17":"open-shadow-","18":"open-shadow-hover-","20":"first","21":"instock","22":"shipping-taxable","23":"purchasable","24":"product-type-variable"},"jetpack_sharing_enabled":true,"_links":{"self":[{"href":"https:\/\/www.deporteseli.com\/index.php?rest_route=\/wp\/v2\/product\/65398","targetHints":{"allow":["GET"]}}],"collection":[{"href":"https:\/\/www.deporteseli.com\/index.php?rest_route=\/wp\/v2\/product"}],"about":[{"href":"https:\/\/www.deporteseli.com\/index.php?rest_route=\/wp\/v2\/types\/product"}],"wp:featuredmedia":[{"embeddable":true,"href":"https:\/\/www.deporteseli.com\/index.php?rest_route=\/wp\/v2\/media\/65403"}],"wp:attachment":[{"href":"https:\/\/www.deporteseli.com\/index.php?rest_route=%2Fwp%2Fv2%2Fmedia&parent=65398"}],"wp:term":[{"taxonomy":"product_brand","embeddable":true,"href":"https:\/\/www.deporteseli.com\/index.php?rest_route=%2Fwp%2Fv2%2Fproduct_brand&post=65398"},{"taxonomy":"product_cat","embeddable":true,"href":"https:\/\/www.deporteseli.com\/index.php?rest_route=%2Fwp%2Fv2%2Fproduct_cat&post=65398"},{"taxonomy":"product_tag","embeddable":true,"href":"https:\/\/www.deporteseli.com\/index.php?rest_route=%2Fwp%2Fv2%2Fproduct_tag&post=65398"}],"curies":[{"name":"wp","href":"https:\/\/api.w.org\/{rel}","templated":true}]}}