{"id":65360,"date":"2026-02-26T12:34:36","date_gmt":"2026-02-26T12:34:36","guid":{"rendered":"https:\/\/www.deporteseli.com\/?product=set-j-smith-beses-035"},"modified":"2026-03-05T05:20:01","modified_gmt":"2026-03-05T05:20:01","slug":"set-j-smith-beses-035","status":"publish","type":"product","link":"https:\/\/www.deporteseli.com\/?product=set-j-smith-beses-035","title":{"rendered":"SET J.SMITH BESES-035"},"content":{"rendered":"<p>Este conjunto junior est\u00e1 pensado para que los m\u00e1s peque\u00f1os disfruten de comodidad y libertad de movimiento en cualquier actividad. Incluye una camiseta de manga corta con dise\u00f1o sublimado, ligera y moderna, y una bermuda con cinturilla el\u00e1stica y cord\u00f3n ajustable, bolsillos laterales y un gr\u00e1fico decorativo que aporta un toque deportivo y actual. Confeccionado en tejido ligero de poli\u00e9ster, resulta ideal para el uso diario y la pr\u00e1ctica deportiva. Adem\u00e1s, incorpora la tecnolog\u00eda Quickerdry de secado r\u00e1pido, que gracias a sus microfilamentos reduce la humedad, favorece la transpiraci\u00f3n y mantiene a los ni\u00f1os c\u00f3modos y secos durante todo el d\u00eda. Un conjunto pr\u00e1ctico, fresco y con estilo: perfecto para jugar, entrenar o disfrutar del tiempo libre con total comodidad.                                                                                                                                                                                                                                                                                                                                                                                                                                                                                                                                                                                                                                                                                                                                                                                                                                                                                                                                                                                                                                        <\/p>\n","protected":false},"excerpt":{"rendered":"<p>SET J.SMITH BESES-035<\/p>\n","protected":false},"featured_media":65366,"template":"","meta":[],"product_brand":[],"product_cat":[367],"product_tag":[43],"class_list":{"0":"post-65360","1":"product","2":"type-product","3":"status-publish","4":"has-post-thumbnail","6":"product_cat-padel_y_tenis_textil_conjuntos","7":"product_tag-jhon_smith","8":"pa_color-unico","9":"pa_talla-t-10","10":"pa_talla-t-12","11":"pa_talla-t-14","12":"pa_talla-t-16","13":"pa_talla-t-8","14":"thunk-woo-product-list","15":"opn-qv-enable","16":"open-woo-hover-","17":"open-single-product-tab-horizontal","18":"open-shadow-","19":"open-shadow-hover-","21":"first","22":"instock","23":"shipping-taxable","24":"purchasable","25":"product-type-variable"},"jetpack_sharing_enabled":true,"_links":{"self":[{"href":"https:\/\/www.deporteseli.com\/index.php?rest_route=\/wp\/v2\/product\/65360","targetHints":{"allow":["GET"]}}],"collection":[{"href":"https:\/\/www.deporteseli.com\/index.php?rest_route=\/wp\/v2\/product"}],"about":[{"href":"https:\/\/www.deporteseli.com\/index.php?rest_route=\/wp\/v2\/types\/product"}],"wp:featuredmedia":[{"embeddable":true,"href":"https:\/\/www.deporteseli.com\/index.php?rest_route=\/wp\/v2\/media\/65366"}],"wp:attachment":[{"href":"https:\/\/www.deporteseli.com\/index.php?rest_route=%2Fwp%2Fv2%2Fmedia&parent=65360"}],"wp:term":[{"taxonomy":"product_brand","embeddable":true,"href":"https:\/\/www.deporteseli.com\/index.php?rest_route=%2Fwp%2Fv2%2Fproduct_brand&post=65360"},{"taxonomy":"product_cat","embeddable":true,"href":"https:\/\/www.deporteseli.com\/index.php?rest_route=%2Fwp%2Fv2%2Fproduct_cat&post=65360"},{"taxonomy":"product_tag","embeddable":true,"href":"https:\/\/www.deporteseli.com\/index.php?rest_route=%2Fwp%2Fv2%2Fproduct_tag&post=65360"}],"curies":[{"name":"wp","href":"https:\/\/api.w.org\/{rel}","templated":true}]}}