{"id":65255,"date":"2026-02-25T12:53:58","date_gmt":"2026-02-25T12:53:58","guid":{"rendered":"https:\/\/www.deporteseli.com\/?product=calcetin-adidas-ic1299"},"modified":"2026-04-10T04:18:15","modified_gmt":"2026-04-10T04:18:15","slug":"calcetin-adidas-ic1299","status":"publish","type":"product","link":"https:\/\/www.deporteseli.com\/?product=calcetin-adidas-ic1299","title":{"rendered":"CALCETIN ADIDAS IC1299"},"content":{"rendered":"<p>Calcetines c\u00f3modos  Estos calcetines adidas presentan un dise\u00f1o justo por debajo de los tobillos, con ca\u00f1as de canal\u00e9 que evitan que se muevan. Se han confeccionado en una mezcla de algod\u00f3n y poli\u00e9ster muy ligera y suave al tacto. Su dise\u00f1o discreto es perfecto para combinarlos con cualquiera de tus zapatillas y est\u00e1n disponibles en paquetes de tres pares.  Ca\u00f1a baja  70% algod\u00f3n, 27% poli\u00e9ster (reciclado), 2% elastano, 1% nailon (reciclado)  Tejido fino y ligero  Tres pares por paquete  Ca\u00f1as de canal\u00e9  Color del art\u00edculo: White-black  N\u00famero de art\u00edculo: ht3447                                                                                                                                                                                                                                                                                                                                                                                                                                                                                                                                                                                                                                                                                                                                                                                                                                                                                                                                                                                                                                        <\/p>\n","protected":false},"excerpt":{"rendered":"<p>CALCETIN ADIDAS IC1299<\/p>\n","protected":false},"featured_media":65261,"template":"","meta":[],"product_brand":[],"product_cat":[400],"product_tag":[18],"class_list":{"0":"post-65255","1":"product","2":"type-product","3":"status-publish","4":"has-post-thumbnail","6":"product_cat-accesorios_calcetines","7":"product_tag-adidas","8":"pa_color-unico","9":"pa_talla-l","10":"pa_talla-m","11":"pa_talla-s","12":"pa_talla-t-14","13":"pa_talla-xs","14":"thunk-woo-product-list","15":"opn-qv-enable","16":"open-woo-hover-","17":"open-single-product-tab-horizontal","18":"open-shadow-","19":"open-shadow-hover-","21":"first","22":"instock","23":"shipping-taxable","24":"purchasable","25":"product-type-variable"},"jetpack_sharing_enabled":true,"_links":{"self":[{"href":"https:\/\/www.deporteseli.com\/index.php?rest_route=\/wp\/v2\/product\/65255","targetHints":{"allow":["GET"]}}],"collection":[{"href":"https:\/\/www.deporteseli.com\/index.php?rest_route=\/wp\/v2\/product"}],"about":[{"href":"https:\/\/www.deporteseli.com\/index.php?rest_route=\/wp\/v2\/types\/product"}],"wp:featuredmedia":[{"embeddable":true,"href":"https:\/\/www.deporteseli.com\/index.php?rest_route=\/wp\/v2\/media\/65261"}],"wp:attachment":[{"href":"https:\/\/www.deporteseli.com\/index.php?rest_route=%2Fwp%2Fv2%2Fmedia&parent=65255"}],"wp:term":[{"taxonomy":"product_brand","embeddable":true,"href":"https:\/\/www.deporteseli.com\/index.php?rest_route=%2Fwp%2Fv2%2Fproduct_brand&post=65255"},{"taxonomy":"product_cat","embeddable":true,"href":"https:\/\/www.deporteseli.com\/index.php?rest_route=%2Fwp%2Fv2%2Fproduct_cat&post=65255"},{"taxonomy":"product_tag","embeddable":true,"href":"https:\/\/www.deporteseli.com\/index.php?rest_route=%2Fwp%2Fv2%2Fproduct_tag&post=65255"}],"curies":[{"name":"wp","href":"https:\/\/api.w.org\/{rel}","templated":true}]}}