{"id":65169,"date":"2026-02-24T12:13:18","date_gmt":"2026-02-24T12:13:18","guid":{"rendered":"https:\/\/www.deporteseli.com\/?product=tenis-joma-spin-men-2612-om"},"modified":"2026-02-24T12:13:28","modified_gmt":"2026-02-24T12:13:28","slug":"tenis-joma-spin-men-2612-om","status":"publish","type":"product","link":"https:\/\/www.deporteseli.com\/?product=tenis-joma-spin-men-2612-om","title":{"rendered":"TENIS JOMA SPIN MEN 2612 OM"},"content":{"rendered":"<p>Con un dise\u00f1o moderno y prestaciones t\u00e9cnicas avanzadas, las Joma Spin Men 2612 light grey 2026 ofrecen todo lo necesario para rendir al m\u00e1ximo en la pista. Est\u00e1n fabricadas con materiales resistentes y flexibles que aportan gran comodidad desde el primer uso. Incorporan el sistema VTS de ventilaci\u00f3n, que mantiene los pies secos durante los partidos m\u00e1s intensos, adem\u00e1s de una estructura reforzada en zonas clave para mejorar su durabilidad.    Estas zapatillas de p\u00e1del Joma Spin Men 2612 grises est\u00e1n pensadas para jugadores que entrenan con frecuencia y exigen un calzado fiable, estable y con buen agarre. Gracias a su ajuste sin costuras JOMA SPORTECH, se adaptan al pie de forma ergon\u00f3mica, evitando rozaduras y mejorando la sujeci\u00f3n. La mediasuela con tecnolog\u00eda FOAM REACTIVE ofrece una excelente amortiguaci\u00f3n y retorno de energ\u00eda, lo que se traduce en mayor impulso y confort en cada movimiento.    Caracter\u00edsticas y tecnolog\u00edas de zapatillas de p\u00e1del Joma Spin Men 2612 en gris claro 2026  VTS: sistema de ventilaci\u00f3n que optimiza la transpirabilidad y mantiene los pies frescos y secos.  JOMA SPORTECH: ajuste termosellado sin costuras que mejora la comodidad y reduce el riesgo de rozaduras.  PROTECTION: refuerzos en zonas de desgaste que aumentan la resistencia y protegen el pie.  FOAM REACTIVE: amortiguaci\u00f3n superior y mejor absorci\u00f3n de impactos para mayor confort.  Suela con tacos circulares: mejora la tracci\u00f3n sobre superficies duras y facilita deslizamientos controlados.                                                                                                                                                                                                                                                                                                                                                                                                                                                                                                                                                                                                                                                                                                                                                                                                                                                                                                                                                                                                                                        <\/p>\n","protected":false},"excerpt":{"rendered":"<p>TENIS JOMA SPIN MEN 2612 OM<\/p>\n","protected":false},"featured_media":65176,"template":"","meta":[],"product_brand":[],"product_cat":[371],"product_tag":[31],"class_list":{"0":"post-65169","1":"product","2":"type-product","3":"status-publish","4":"has-post-thumbnail","6":"product_cat-padel_y_tenis_calzado","7":"product_tag-joma","8":"pa_color-unico","9":"pa_talla-149","10":"pa_talla-151","11":"pa_talla-153","12":"pa_talla-155","13":"pa_talla-157","14":"pa_talla-159","15":"thunk-woo-product-list","16":"opn-qv-enable","17":"open-woo-hover-","18":"open-single-product-tab-horizontal","19":"open-shadow-","20":"open-shadow-hover-","22":"first","23":"instock","24":"sale","25":"shipping-taxable","26":"purchasable","27":"product-type-variable"},"jetpack_sharing_enabled":true,"_links":{"self":[{"href":"https:\/\/www.deporteseli.com\/index.php?rest_route=\/wp\/v2\/product\/65169","targetHints":{"allow":["GET"]}}],"collection":[{"href":"https:\/\/www.deporteseli.com\/index.php?rest_route=\/wp\/v2\/product"}],"about":[{"href":"https:\/\/www.deporteseli.com\/index.php?rest_route=\/wp\/v2\/types\/product"}],"wp:featuredmedia":[{"embeddable":true,"href":"https:\/\/www.deporteseli.com\/index.php?rest_route=\/wp\/v2\/media\/65176"}],"wp:attachment":[{"href":"https:\/\/www.deporteseli.com\/index.php?rest_route=%2Fwp%2Fv2%2Fmedia&parent=65169"}],"wp:term":[{"taxonomy":"product_brand","embeddable":true,"href":"https:\/\/www.deporteseli.com\/index.php?rest_route=%2Fwp%2Fv2%2Fproduct_brand&post=65169"},{"taxonomy":"product_cat","embeddable":true,"href":"https:\/\/www.deporteseli.com\/index.php?rest_route=%2Fwp%2Fv2%2Fproduct_cat&post=65169"},{"taxonomy":"product_tag","embeddable":true,"href":"https:\/\/www.deporteseli.com\/index.php?rest_route=%2Fwp%2Fv2%2Fproduct_tag&post=65169"}],"curies":[{"name":"wp","href":"https:\/\/api.w.org\/{rel}","templated":true}]}}