{"id":65139,"date":"2026-02-24T12:11:01","date_gmt":"2026-02-24T12:11:01","guid":{"rendered":"https:\/\/www.deporteseli.com\/?product=botas-joma-toledo-jr-2601-bk"},"modified":"2026-03-17T05:19:52","modified_gmt":"2026-03-17T05:19:52","slug":"botas-joma-toledo-jr-2601-bk","status":"publish","type":"product","link":"https:\/\/www.deporteseli.com\/?product=botas-joma-toledo-jr-2601-bk","title":{"rendered":"BOTAS JOMA TOLEDO JR 2601 BK"},"content":{"rendered":"<p>Descripci\u00f3n  Descripci\u00f3n  Las botas de f\u00fatbol Joma Toledo Jr 2601 Infantil Negro est\u00e1n dise\u00f1adas espec\u00edficamente para j\u00f3venes futbolistas que juegan en terrenos de c\u00e9sped artificial. Con un corte elaborado en material sint\u00e9tico Fibertech, estas botas ofrecen una excelente combinaci\u00f3n de resistencia y ligereza. Gracias a su contrafuerte EXO COUNTER en la parte trasera, se brinda un soporte adicional que protege el tal\u00f3n y proporciona estabilidad durante los movimientos r\u00e1pidos y las paradas. La suela de TPU de alta calidad incluye una mayor cantidad de tacos, lo que garantiza un agarre superior y un rendimiento \u00f3ptimo en el campo. Estas caracter\u00edsticas no solo mejoran el control del bal\u00f3n y la tracci\u00f3n, sino que tambi\u00e9n aportan comodidad y durabilidad, permitiendo a los peque\u00f1os jugadores disfrutar de sus entrenamientos y partidos sin distracciones.    Beneficios principales  &#8211; Soporte adicional con el contrafuerte EXO COUNTER para mayor estabilidad.  &#8211; Suela de TPU de alta calidad que aporta un agarre excepcional en c\u00e9sped artificial.  &#8211; Corte en material sint\u00e9tico Fibertech que combina ligereza y resistencia.  &#8211; Mayor cantidad de tacos para un mejor control y tracci\u00f3n en el campo.  &#8211; Dise\u00f1o espec\u00edfico para ni\u00f1os, garantizando comodidad y ajuste perfecto.    Recomendado para  Estas botas son ideales para ni\u00f1os que comienzan a jugar al f\u00fatbol o que ya tienen algo de experiencia, usando el calzado en entrenamientos regulares y partidos en c\u00e9sped artificial. Son perfectas para jugadores de nivel principiante a intermedio, que buscan un rendimiento confiable y comodidad en el juego. Su dise\u00f1o robusto asegura que soporten intensas sesiones de entrenamiento y juegos, manteniendo su funcionalidad en todo momento.    Conclusi\u00f3n  Las botas de f\u00fatbol Joma Toledo Jr 2601 Infantil Negro son una excelente elecci\u00f3n para los j\u00f3venes futbolistas en busca de rendimiento y comodidad. Su dise\u00f1o espec\u00edficamente adaptado para c\u00e9sped artificial y la tecnolog\u00eda utilizada en su fabricaci\u00f3n aseguran durabilidad y excelente tracci\u00f3n, lo que las convierte en una inversi\u00f3n inteligente para padres y peque\u00f1os jugadores. Ofrecen no solo un ajuste perfecto, sino tambi\u00e9n el soporte necesario para desarrollar habilidades en el campo, favoreciendo el amor por el deporte desde temprana edad.    Caracter\u00edsticas  Botas de f\u00fatbol  Suela AG  Corte est\u00e1 elaborado en material sint\u00e9tico  Contrafuerte EXO COUNTER trasero  Suela ha sido elaborada en TPU de alta calidad  Cuenta con una mayor cantidad de tacos  Corte en material sint\u00e9tico (Fibertech)  Suela  Contrafuerte EXO Counter  Informaci\u00f3n t\u00e9cnica  Terreno: c\u00e9sped artificial (AG)                                                                                                                                                                                                                                                                                                                                                                                                                                                                                                                                                                                                                                                                                                                                                                                                                                                                                                                                                                                                                                        <\/p>\n","protected":false},"excerpt":{"rendered":"<p>BOTAS JOMA TOLEDO JR 2601 BK<\/p>\n","protected":false},"featured_media":65154,"template":"","meta":[],"product_brand":[],"product_cat":[318],"product_tag":[31],"class_list":{"0":"post-65139","1":"product","2":"type-product","3":"status-publish","4":"has-post-thumbnail","6":"product_cat-deportes_futbol_botas","7":"product_tag-joma","8":"pa_color-unico","9":"pa_talla-129","10":"pa_talla-131","11":"pa_talla-133","12":"pa_talla-135","13":"pa_talla-33-5","14":"pa_talla-137","15":"pa_talla-139","16":"pa_talla-35-5","17":"pa_talla-141","18":"pa_talla-36-5","19":"pa_talla-143","20":"pa_talla-37-5","21":"pa_talla-145","22":"pa_talla-147","23":"thunk-woo-product-list","24":"opn-qv-enable","25":"open-woo-hover-","26":"open-single-product-tab-horizontal","27":"open-shadow-","28":"open-shadow-hover-","30":"first","31":"instock","32":"shipping-taxable","33":"purchasable","34":"product-type-variable"},"jetpack_sharing_enabled":true,"_links":{"self":[{"href":"https:\/\/www.deporteseli.com\/index.php?rest_route=\/wp\/v2\/product\/65139","targetHints":{"allow":["GET"]}}],"collection":[{"href":"https:\/\/www.deporteseli.com\/index.php?rest_route=\/wp\/v2\/product"}],"about":[{"href":"https:\/\/www.deporteseli.com\/index.php?rest_route=\/wp\/v2\/types\/product"}],"wp:featuredmedia":[{"embeddable":true,"href":"https:\/\/www.deporteseli.com\/index.php?rest_route=\/wp\/v2\/media\/65154"}],"wp:attachment":[{"href":"https:\/\/www.deporteseli.com\/index.php?rest_route=%2Fwp%2Fv2%2Fmedia&parent=65139"}],"wp:term":[{"taxonomy":"product_brand","embeddable":true,"href":"https:\/\/www.deporteseli.com\/index.php?rest_route=%2Fwp%2Fv2%2Fproduct_brand&post=65139"},{"taxonomy":"product_cat","embeddable":true,"href":"https:\/\/www.deporteseli.com\/index.php?rest_route=%2Fwp%2Fv2%2Fproduct_cat&post=65139"},{"taxonomy":"product_tag","embeddable":true,"href":"https:\/\/www.deporteseli.com\/index.php?rest_route=%2Fwp%2Fv2%2Fproduct_tag&post=65139"}],"curies":[{"name":"wp","href":"https:\/\/api.w.org\/{rel}","templated":true}]}}