{"id":64890,"date":"2026-02-20T13:07:35","date_gmt":"2026-02-20T13:07:35","guid":{"rendered":"https:\/\/www.deporteseli.com\/?product=zapatilla-bullpadel-pearl-vibram-26v-lila"},"modified":"2026-02-28T05:21:06","modified_gmt":"2026-02-28T05:21:06","slug":"zapatilla-bullpadel-pearl-vibram-26v-lila","status":"publish","type":"product","link":"https:\/\/www.deporteseli.com\/?product=zapatilla-bullpadel-pearl-vibram-26v-lila","title":{"rendered":"ZAPATILLA BULLPADEL PEARL VIBRAM 26V LILA"},"content":{"rendered":"<p>La zapatilla oficial de Bea Gonz\u00e1lez incorpora una nueva suela desarrollada junto a VIBRAM, dise\u00f1ada para favorecer movimientos m\u00e1s r\u00e1pidos gracias a su ligereza, sin renunciar a la resistencia necesaria para el juego de alto nivel.  Su construcci\u00f3n combina distintos materiales y una rejilla t\u00e9cnica termosellada sin costuras, logrando una transpiraci\u00f3n \u00f3ptima y un ajuste c\u00f3modo incluso en los partidos m\u00e1s exigentes. Adem\u00e1s, integra una protecci\u00f3n inyectada en la puntera que reduce la fricci\u00f3n y protege frente al desgaste producido por el contacto con la pista.                                                                                                                                                                                                                                                                                                                                                                                                                                                                                                                                                                                                                                                                                                                                                                                                                                                                                                                                                                                                                                        <\/p>\n","protected":false},"excerpt":{"rendered":"<p>ZAPATILLA BULLPADEL PEARL VIBRAM 26V LILA<\/p>\n","protected":false},"featured_media":64897,"template":"","meta":[],"product_brand":[],"product_cat":[371],"product_tag":[21],"class_list":{"0":"post-64890","1":"product","2":"type-product","3":"status-publish","4":"has-post-thumbnail","6":"product_cat-padel_y_tenis_calzado","7":"product_tag-bull_padel","8":"pa_color-unico","9":"pa_talla-141","10":"pa_talla-143","11":"pa_talla-145","12":"pa_talla-147","13":"pa_talla-149","14":"pa_talla-151","15":"thunk-woo-product-list","16":"opn-qv-enable","17":"open-woo-hover-","18":"open-single-product-tab-horizontal","19":"open-shadow-","20":"open-shadow-hover-","22":"first","23":"instock","24":"sale","25":"shipping-taxable","26":"purchasable","27":"product-type-variable"},"jetpack_sharing_enabled":true,"_links":{"self":[{"href":"https:\/\/www.deporteseli.com\/index.php?rest_route=\/wp\/v2\/product\/64890","targetHints":{"allow":["GET"]}}],"collection":[{"href":"https:\/\/www.deporteseli.com\/index.php?rest_route=\/wp\/v2\/product"}],"about":[{"href":"https:\/\/www.deporteseli.com\/index.php?rest_route=\/wp\/v2\/types\/product"}],"wp:featuredmedia":[{"embeddable":true,"href":"https:\/\/www.deporteseli.com\/index.php?rest_route=\/wp\/v2\/media\/64897"}],"wp:attachment":[{"href":"https:\/\/www.deporteseli.com\/index.php?rest_route=%2Fwp%2Fv2%2Fmedia&parent=64890"}],"wp:term":[{"taxonomy":"product_brand","embeddable":true,"href":"https:\/\/www.deporteseli.com\/index.php?rest_route=%2Fwp%2Fv2%2Fproduct_brand&post=64890"},{"taxonomy":"product_cat","embeddable":true,"href":"https:\/\/www.deporteseli.com\/index.php?rest_route=%2Fwp%2Fv2%2Fproduct_cat&post=64890"},{"taxonomy":"product_tag","embeddable":true,"href":"https:\/\/www.deporteseli.com\/index.php?rest_route=%2Fwp%2Fv2%2Fproduct_tag&post=64890"}],"curies":[{"name":"wp","href":"https:\/\/api.w.org\/{rel}","templated":true}]}}