{"id":64786,"date":"2026-02-20T11:52:46","date_gmt":"2026-02-20T11:52:46","guid":{"rendered":"https:\/\/www.deporteseli.com\/?product=short-adidas-jh3365"},"modified":"2026-02-20T11:52:54","modified_gmt":"2026-02-20T11:52:54","slug":"short-adidas-jh3365","status":"publish","type":"product","link":"https:\/\/www.deporteseli.com\/?product=short-adidas-jh3365","title":{"rendered":"SHORT ADIDAS JH3365"},"content":{"rendered":"<p>Lleva estilo adidas a la cancha con estos shorts de tenis de la colecci\u00f3n Club. Con un corte amplio, ofrecen una sensaci\u00f3n holgada para un movimiento c\u00f3modo y relajado. CLIMACOOL absorbe y dispersa el sudor para mantenerte fresco, seco y libre de distracciones mientras juegas. Los leggings integrados brindan mayor cobertura para realizar tus golpes con confianza y comodidad. CLIMACOOL ayuda a gestionar el sudor con materiales que lo absorben y dispersan r\u00e1pidamente. Sus fibras de secado r\u00e1pido te dan una sensaci\u00f3n fresca sobre la piel. Este producto est\u00e1 hecho con un 100% de materiales reciclados. Al reutilizar materiales que ya han sido creados, ayudamos a reducir el desperdicio, disminuir la dependencia de recursos finitos y minimizar la huella ambiental de los productos que fabricamos.                                                                                                                                                                                                                                                                                                                                                                                                                                                                                                                                                                                                                                                                                                                                                                                                                                                                                                                                                                                                                                        <\/p>\n","protected":false},"excerpt":{"rendered":"<p>SHORT ADIDAS JH3365<\/p>\n","protected":false},"featured_media":64791,"template":"","meta":[],"product_brand":[],"product_cat":[365],"product_tag":[18],"class_list":{"0":"post-64786","1":"product","2":"type-product","3":"status-publish","4":"has-post-thumbnail","6":"product_cat-padel_y_tenis_textil_shorts","7":"product_tag-adidas","8":"pa_color-unico","9":"pa_talla-l","10":"pa_talla-m","11":"pa_talla-s","12":"pa_talla-xs","13":"thunk-woo-product-list","14":"opn-qv-enable","15":"open-woo-hover-","16":"open-single-product-tab-horizontal","17":"open-shadow-","18":"open-shadow-hover-","20":"first","21":"instock","22":"shipping-taxable","23":"purchasable","24":"product-type-variable"},"jetpack_sharing_enabled":true,"_links":{"self":[{"href":"https:\/\/www.deporteseli.com\/index.php?rest_route=\/wp\/v2\/product\/64786","targetHints":{"allow":["GET"]}}],"collection":[{"href":"https:\/\/www.deporteseli.com\/index.php?rest_route=\/wp\/v2\/product"}],"about":[{"href":"https:\/\/www.deporteseli.com\/index.php?rest_route=\/wp\/v2\/types\/product"}],"wp:featuredmedia":[{"embeddable":true,"href":"https:\/\/www.deporteseli.com\/index.php?rest_route=\/wp\/v2\/media\/64791"}],"wp:attachment":[{"href":"https:\/\/www.deporteseli.com\/index.php?rest_route=%2Fwp%2Fv2%2Fmedia&parent=64786"}],"wp:term":[{"taxonomy":"product_brand","embeddable":true,"href":"https:\/\/www.deporteseli.com\/index.php?rest_route=%2Fwp%2Fv2%2Fproduct_brand&post=64786"},{"taxonomy":"product_cat","embeddable":true,"href":"https:\/\/www.deporteseli.com\/index.php?rest_route=%2Fwp%2Fv2%2Fproduct_cat&post=64786"},{"taxonomy":"product_tag","embeddable":true,"href":"https:\/\/www.deporteseli.com\/index.php?rest_route=%2Fwp%2Fv2%2Fproduct_tag&post=64786"}],"curies":[{"name":"wp","href":"https:\/\/api.w.org\/{rel}","templated":true}]}}