{"id":64748,"date":"2026-02-20T11:49:01","date_gmt":"2026-02-20T11:49:01","guid":{"rendered":"https:\/\/www.deporteseli.com\/?product=short-adidas-jp1048"},"modified":"2026-02-20T11:49:07","modified_gmt":"2026-02-20T11:49:07","slug":"short-adidas-jp1048","status":"publish","type":"product","link":"https:\/\/www.deporteseli.com\/?product=short-adidas-jp1048","title":{"rendered":"SHORT ADIDAS JP1048"},"content":{"rendered":"<p>Lleva un poco de estilo adidas a la cancha con pantalones cortos de tenis para j\u00f3venes de la colecci\u00f3n Club. Creadas con tejido extra en la entrepierna, proporcionan libertad de movimiento para cada sprint hacia la red y el deslizamiento de la l\u00ednea de fondo. CLIMACOOL absorbe y dispersa el sudor para un rendimiento fresco, seco y sin distracciones. Las 3 Franjas flotantes en una pierna demuestran que te tomas tu deporte en serio. CLIMACOOL te ayuda a gestionar el sudor con materiales que absorben y gestionan el sudor r\u00e1pidamente. Sus fibras de secado r\u00e1pido te dan una sensaci\u00f3n de piel fresca. Este producto est\u00e1 fabricado con materiales 100% reciclados. Al reutilizar materiales que ya se han creado, ayudamos a reducir los residuos y nuestra dependencia de recursos finitos y reducimos la huella de los productos que fabricamos.                                                                                                                                                                                                                                                                                                                                                                                                                                                                                                                                                                                                                                                                                                                                                                                                                                                                                                                                                                                                                                        <\/p>\n","protected":false},"excerpt":{"rendered":"<p>SHORT ADIDAS JP1048<\/p>\n","protected":false},"featured_media":64753,"template":"","meta":[],"product_brand":[],"product_cat":[365],"product_tag":[18],"class_list":{"0":"post-64748","1":"product","2":"type-product","3":"status-publish","4":"has-post-thumbnail","6":"product_cat-padel_y_tenis_textil_shorts","7":"product_tag-adidas","8":"pa_color-unico","9":"pa_talla-t-10","10":"pa_talla-t-12","11":"pa_talla-t-14","12":"pa_talla-t-16","13":"thunk-woo-product-list","14":"opn-qv-enable","15":"open-woo-hover-","16":"open-single-product-tab-horizontal","17":"open-shadow-","18":"open-shadow-hover-","20":"first","21":"instock","22":"shipping-taxable","23":"purchasable","24":"product-type-variable"},"jetpack_sharing_enabled":true,"_links":{"self":[{"href":"https:\/\/www.deporteseli.com\/index.php?rest_route=\/wp\/v2\/product\/64748","targetHints":{"allow":["GET"]}}],"collection":[{"href":"https:\/\/www.deporteseli.com\/index.php?rest_route=\/wp\/v2\/product"}],"about":[{"href":"https:\/\/www.deporteseli.com\/index.php?rest_route=\/wp\/v2\/types\/product"}],"wp:featuredmedia":[{"embeddable":true,"href":"https:\/\/www.deporteseli.com\/index.php?rest_route=\/wp\/v2\/media\/64753"}],"wp:attachment":[{"href":"https:\/\/www.deporteseli.com\/index.php?rest_route=%2Fwp%2Fv2%2Fmedia&parent=64748"}],"wp:term":[{"taxonomy":"product_brand","embeddable":true,"href":"https:\/\/www.deporteseli.com\/index.php?rest_route=%2Fwp%2Fv2%2Fproduct_brand&post=64748"},{"taxonomy":"product_cat","embeddable":true,"href":"https:\/\/www.deporteseli.com\/index.php?rest_route=%2Fwp%2Fv2%2Fproduct_cat&post=64748"},{"taxonomy":"product_tag","embeddable":true,"href":"https:\/\/www.deporteseli.com\/index.php?rest_route=%2Fwp%2Fv2%2Fproduct_tag&post=64748"}],"curies":[{"name":"wp","href":"https:\/\/api.w.org\/{rel}","templated":true}]}}