{"id":64718,"date":"2026-02-20T11:34:41","date_gmt":"2026-02-20T11:34:41","guid":{"rendered":"https:\/\/www.deporteseli.com\/?product=camisa-adidas-jn5730"},"modified":"2026-02-20T11:34:48","modified_gmt":"2026-02-20T11:34:48","slug":"camisa-adidas-jn5730","status":"publish","type":"product","link":"https:\/\/www.deporteseli.com\/?product=camisa-adidas-jn5730","title":{"rendered":"CAMISA ADIDAS JN5730"},"content":{"rendered":"<p>La colecci\u00f3n de tenis Club te asegura tener todo el equipo adecuado cuando salgas a la cancha. Perfecta para partidos llenos de acci\u00f3n, esta camiseta fue creada para mejorar tu juego sobre la cabeza con su dise\u00f1o FreeLift que libera tus hombros. CLIMACOOL elimina y dispersa el sudor para un rendimiento fresco, seco y sin distracciones. Las 3-Stripes flotantes en las mangas a\u00f1aden un toque de estilo adidas. CLIMACOOL te ayuda a gestionar el sudor con materiales que lo absorben y gestionan r\u00e1pidamente. Sus fibras de secado r\u00e1pido te brindan una sensaci\u00f3n de piel fresca. Este producto est\u00e1 fabricado con un 100% de materiales reciclados. Al reutilizar materiales que ya se han creado, ayudamos a reducir los desechos, nuestra dependencia de recursos finitos y la huella de los productos que fabricamos.                                                                                                                                                                                                                                                                                                                                                                                                                                                                                                                                                                                                                                                                                                                                                                                                                                                                                                                                                                                                                                        <\/p>\n","protected":false},"excerpt":{"rendered":"<p>CAMISA ADIDAS JN5730<\/p>\n","protected":false},"featured_media":64724,"template":"","meta":[],"product_brand":[],"product_cat":[364],"product_tag":[18],"class_list":{"0":"post-64718","1":"product","2":"type-product","3":"status-publish","4":"has-post-thumbnail","6":"product_cat-padel_y_tenis_textil_camisas","7":"product_tag-adidas","8":"pa_color-unico","9":"pa_talla-l","10":"pa_talla-m","11":"pa_talla-s","12":"pa_talla-xl","13":"pa_talla-xxl","14":"thunk-woo-product-list","15":"opn-qv-enable","16":"open-woo-hover-","17":"open-single-product-tab-horizontal","18":"open-shadow-","19":"open-shadow-hover-","21":"first","22":"instock","23":"shipping-taxable","24":"purchasable","25":"product-type-variable"},"jetpack_sharing_enabled":true,"_links":{"self":[{"href":"https:\/\/www.deporteseli.com\/index.php?rest_route=\/wp\/v2\/product\/64718","targetHints":{"allow":["GET"]}}],"collection":[{"href":"https:\/\/www.deporteseli.com\/index.php?rest_route=\/wp\/v2\/product"}],"about":[{"href":"https:\/\/www.deporteseli.com\/index.php?rest_route=\/wp\/v2\/types\/product"}],"wp:featuredmedia":[{"embeddable":true,"href":"https:\/\/www.deporteseli.com\/index.php?rest_route=\/wp\/v2\/media\/64724"}],"wp:attachment":[{"href":"https:\/\/www.deporteseli.com\/index.php?rest_route=%2Fwp%2Fv2%2Fmedia&parent=64718"}],"wp:term":[{"taxonomy":"product_brand","embeddable":true,"href":"https:\/\/www.deporteseli.com\/index.php?rest_route=%2Fwp%2Fv2%2Fproduct_brand&post=64718"},{"taxonomy":"product_cat","embeddable":true,"href":"https:\/\/www.deporteseli.com\/index.php?rest_route=%2Fwp%2Fv2%2Fproduct_cat&post=64718"},{"taxonomy":"product_tag","embeddable":true,"href":"https:\/\/www.deporteseli.com\/index.php?rest_route=%2Fwp%2Fv2%2Fproduct_tag&post=64718"}],"curies":[{"name":"wp","href":"https:\/\/api.w.org\/{rel}","templated":true}]}}