{"id":64695,"date":"2026-02-20T11:32:33","date_gmt":"2026-02-20T11:32:33","guid":{"rendered":"https:\/\/www.deporteseli.com\/?product=zapatillas-crazyquick-2"},"modified":"2026-03-10T05:25:25","modified_gmt":"2026-03-10T05:25:25","slug":"zapatillas-crazyquick-2","status":"publish","type":"product","link":"https:\/\/www.deporteseli.com\/?product=zapatillas-crazyquick-2","title":{"rendered":"ZAPATILLAS CRAZYQUICK"},"content":{"rendered":"<p>Estar\u00e1s en todos lados en la pista de padel con estos zapatos Crazyquick de adidas. Dise\u00f1ados para movimientos r\u00e1pidos y seguros, cuentan con una parte superior ligera y una construcci\u00f3n estabilizadora Slingframe. Con una suela antideslizante dise\u00f1ada espec\u00edficamente para el deporte, una entresuela Lightstrike de perfil bajo garantiza que siempre est\u00e9s listo para reaccionar.                                                                                                                                                                                                                                                                                                                                                                                                                                                                                                                                                                                                                                                                                                                                                                                                                                                                                                                                                                                                                                        <\/p>\n","protected":false},"excerpt":{"rendered":"<p>ZAPATILLAS CRAZYQUICK<\/p>\n","protected":false},"featured_media":64704,"template":"","meta":[],"product_brand":[],"product_cat":[371],"product_tag":[18],"class_list":{"0":"post-64695","1":"product","2":"type-product","3":"status-publish","4":"has-post-thumbnail","6":"product_cat-padel_y_tenis_calzado","7":"product_tag-adidas","8":"pa_color-unico","9":"pa_talla-36-5","10":"pa_talla-37-5","11":"pa_talla-145","12":"pa_talla-38-5","13":"pa_talla-39-5","14":"pa_talla-149","15":"pa_talla-40-5","16":"pa_talla-41-5","17":"thunk-woo-product-list","18":"opn-qv-enable","19":"open-woo-hover-","20":"open-single-product-tab-horizontal","21":"open-shadow-","22":"open-shadow-hover-","24":"first","25":"instock","26":"sale","27":"shipping-taxable","28":"purchasable","29":"product-type-variable"},"jetpack_sharing_enabled":true,"_links":{"self":[{"href":"https:\/\/www.deporteseli.com\/index.php?rest_route=\/wp\/v2\/product\/64695","targetHints":{"allow":["GET"]}}],"collection":[{"href":"https:\/\/www.deporteseli.com\/index.php?rest_route=\/wp\/v2\/product"}],"about":[{"href":"https:\/\/www.deporteseli.com\/index.php?rest_route=\/wp\/v2\/types\/product"}],"wp:featuredmedia":[{"embeddable":true,"href":"https:\/\/www.deporteseli.com\/index.php?rest_route=\/wp\/v2\/media\/64704"}],"wp:attachment":[{"href":"https:\/\/www.deporteseli.com\/index.php?rest_route=%2Fwp%2Fv2%2Fmedia&parent=64695"}],"wp:term":[{"taxonomy":"product_brand","embeddable":true,"href":"https:\/\/www.deporteseli.com\/index.php?rest_route=%2Fwp%2Fv2%2Fproduct_brand&post=64695"},{"taxonomy":"product_cat","embeddable":true,"href":"https:\/\/www.deporteseli.com\/index.php?rest_route=%2Fwp%2Fv2%2Fproduct_cat&post=64695"},{"taxonomy":"product_tag","embeddable":true,"href":"https:\/\/www.deporteseli.com\/index.php?rest_route=%2Fwp%2Fv2%2Fproduct_tag&post=64695"}],"curies":[{"name":"wp","href":"https:\/\/api.w.org\/{rel}","templated":true}]}}